{"id":8385,"date":"2019-09-09T17:08:43","date_gmt":"2019-09-09T15:08:43","guid":{"rendered":"https:\/\/fourdata.io\/rechtliche-hinweise\/"},"modified":"2025-09-02T11:30:04","modified_gmt":"2025-09-02T09:30:04","slug":"rechtliche-hinweise","status":"publish","type":"page","link":"https:\/\/fourdata.io\/de\/rechtliche-hinweise\/","title":{"rendered":"Rechtliche Hinweise"},"content":{"rendered":"<div class=\"fusion-fullwidth fullwidth-box fusion-builder-row-1 fusion-flex-container nonhundred-percent-fullwidth non-hundred-percent-height-scrolling ctnr-top-page\" style=\"--awb-border-radius-top-left:0px;--awb-border-radius-top-right:0px;--awb-border-radius-bottom-right:0px;--awb-border-radius-bottom-left:0px;--awb-flex-wrap:wrap;\" ><div class=\"fusion-builder-row fusion-row fusion-flex-align-items-flex-start fusion-flex-justify-content-center fusion-flex-content-wrap\" style=\"max-width:1277.12px;margin-left: calc(-4% \/ 2 );margin-right: calc(-4% \/ 2 );\"><div class=\"fusion-layout-column fusion_builder_column fusion-builder-column-0 fusion_builder_column_1_1 1_1 fusion-flex-column fusion-flex-align-self-flex-start fusion-column-no-min-height\" style=\"--awb-bg-size:cover;--awb-width-large:100%;--awb-margin-top-large:0px;--awb-spacing-right-large:1.92%;--awb-margin-bottom-large:0px;--awb-spacing-left-large:1.92%;--awb-width-medium:100%;--awb-order-medium:0;--awb-spacing-right-medium:1.92%;--awb-spacing-left-medium:1.92%;--awb-width-small:100%;--awb-order-small:0;--awb-spacing-right-small:1.92%;--awb-spacing-left-small:1.92%;\"><div class=\"fusion-column-wrapper fusion-column-has-shadow fusion-flex-justify-content-flex-start fusion-content-layout-column\"><div class=\"fusion-image-element \" style=\"text-align:center;--awb-caption-title-font-family:var(--h2_typography-font-family);--awb-caption-title-font-weight:var(--h2_typography-font-weight);--awb-caption-title-font-style:var(--h2_typography-font-style);--awb-caption-title-size:var(--h2_typography-font-size);--awb-caption-title-transform:var(--h2_typography-text-transform);--awb-caption-title-line-height:var(--h2_typography-line-height);--awb-caption-title-letter-spacing:var(--h2_typography-letter-spacing);\"><span class=\" fusion-imageframe imageframe-none imageframe-1 hover-type-none picto\"><img decoding=\"async\" width=\"250\" height=\"250\" title=\"legal\" src=\"https:\/\/fourdata.io\/wp-content\/uploads\/2022\/06\/legal.svg\" alt class=\"img-responsive wp-image-8301\"\/><\/span><\/div><div class=\"fusion-title title fusion-title-1 fusion-sep-none fusion-title-center fusion-title-text fusion-title-size-one\" style=\"--awb-margin-top-small:0px;--awb-margin-right-small:0px;--awb-margin-bottom-small:20px;--awb-margin-left-small:0px;\"><h1 class=\"fusion-title-heading title-heading-center\" style=\"margin:0;\">Rechtliche Informationen<\/h1><\/div><div class=\"fusion-text fusion-text-1\" style=\"--awb-text-transform:none;\"><h2>1. Pr\u00e4sentation der Website:<\/h2>\n<p>Gem\u00e4\u00df den Bestimmungen der Artikel 6-III und 19 des Gesetzes Nr. 2004-575 vom 21. Juni 2004 \u00fcber das Vertrauen in die digitale Wirtschaft, bekannt als L.C.E.N., machen wir die Nutzer und Besucher der Website: fourdata.io auf die folgenden Informationen aufmerksam:<br \/>\nRechtliche Informationen :<br \/>\nName des Unternehmens : FOUR DATA<br \/>\nAnschrift: 11 rue Paul TH\u00c9NARD, 21000 DIJON<br \/>\nSIRENE: 821 783 222<br \/>\nE-Mail Adresse: contact@fourdata.io<\/p>\n<p>Die f\u00fcr die Ver\u00f6ffentlichung verantwortliche Person ist: Frau Capucine DUBREUILLE<\/p>\n<p>Der Sch\u00f6pfer der Website ist <a href=\"https:\/\/adesio.co\/\">die Webagentur Adesio<\/a><br \/>\nDer Webmaster ist: Adesio<br \/>\nKontaktieren Sie den Webmaster : info@adesio.co<br \/>\nDer Betreiber der Website ist: Kinsta<\/p>\n<h2>2. Beschreibung der erbrachten Dienstleistungen :<\/h2>\n<p>Zweck der Website <strong>fourdata.io<\/strong> ist es, Informationen \u00fcber alle Aktivit\u00e4ten des Unternehmens bereitzustellen.<br \/>\nDer Eigent\u00fcmer der Website bem\u00fcht sich, die Informationen auf der Website<strong> fourdata.io<\/strong> so genau wie m\u00f6glich zu halten. Sie kann jedoch nicht f\u00fcr Auslassungen, Ungenauigkeiten und Unzul\u00e4nglichkeiten bei der Aktualisierung verantwortlich gemacht werden, unabh\u00e4ngig davon, ob diese von ihr selbst oder von dritten Partnern stammen, die ihr diese Informationen zur Verf\u00fcgung stellen.<br \/>\nAlle auf der Website exemple.com bereitgestellten Informationen dienen als Anhaltspunkte, sind nicht ersch\u00f6pfend und k\u00f6nnen sich \u00e4ndern. Sie wird unter dem Vorbehalt von \u00c4nderungen gegeben, die seit ihrer Ver\u00f6ffentlichung vorgenommen wurden.<\/p>\n<h2>3. Geistiges Eigentum und F\u00e4lschungen:<\/h2>\n<p>Der Eigent\u00fcmer der Website ist der Inhaber der geistigen Eigentumsrechte oder besitzt die Nutzungsrechte an allen auf der Website zug\u00e4nglichen Elementen, insbesondere an den Texten, Bildern, Grafiken, Logos, Icons, Sounds, Software&#8230;<br \/>\nJegliche Vervielf\u00e4ltigung, Darstellung, \u00c4nderung, Ver\u00f6ffentlichung, vollst\u00e4ndige oder teilweise Anpassung der Elemente der Website, unabh\u00e4ngig von den verwendeten Mitteln oder Verfahren, ist verboten, es sei denn, es liegt eine schriftliche Genehmigung vor, die per E-Mail an <strong>contact@fourdata.io<\/strong><br \/>\nzu senden ist. Jede unerlaubte Nutzung der Website oder eines der darin enthaltenen Elemente wird als Versto\u00df betrachtet und gem\u00e4\u00df den Bestimmungen der Artikel L.335-2 ff. geahndet. des Gesetzes \u00fcber geistiges Eigentum.<\/p>\n<h2>4. Hyperlinks und Cookies:<\/h2>\n<p>Die Website fourdata.io enth\u00e4lt eine bestimmte Anzahl von Hyperlinks zu anderen Websites (Partner, Informationen &#8230;), die mit Genehmigung des Eigent\u00fcmers der Website eingerichtet wurden. Der Eigent\u00fcmer der Website hat jedoch nicht die M\u00f6glichkeit, den Inhalt der so besuchten Websites zu \u00fcberpr\u00fcfen und lehnt daher jede Verantwortung f\u00fcr die m\u00f6glichen Risiken rechtswidriger Inhalte ab.<br \/>\nDer Nutzer wird dar\u00fcber informiert, dass w\u00e4hrend seiner Besuche auf der Website fourdata.io automatisch ein oder mehrere Cookies auf seinem Computer installiert werden k\u00f6nnen. Ein Cookie ist eine kleine Datei, die keine Identifizierung des Benutzers erm\u00f6glicht, sondern Informationen \u00fcber die Navigation eines Computers auf einer Website aufzeichnet. Die auf diese Weise erhaltenen Daten dienen dazu, die sp\u00e4tere Navigation auf der Website zu erleichtern und verschiedene Ma\u00dfnahmen zur H\u00e4ufigkeit der Nutzung zu erm\u00f6glichen.<br \/>\nDie Parametereinstellung der Navigationssoftware erm\u00f6glicht es Ihnen, sich \u00fcber das Vorhandensein eines Cookies zu informieren und diesen gegebenenfalls abzulehnen, wie unter folgender Adresse beschrieben: www.cnil.fr<br \/>\nDie Ablehnung der Installation eines Cookies kann den Zugriff auf bestimmte Dienste unm\u00f6glich machen. Der Nutzer kann jedoch seinen Computer wie folgt konfigurieren, um die Installation von Cookies abzulehnen.<\/p>\n<h2>5. Schutz von Eigentum und Personen &#8211; Verwaltung personenbezogener Daten:<\/h2>\n<p>Benutzer: Internetnutzer, der sich \u00fcber die oben genannte Website verbindet: fourdata.io<br \/>\nIn Frankreich werden personenbezogene Daten insbesondere durch das Gesetz Nr. 78-87 vom 6. Januar 1978, das Gesetz Nr. 2004-801 vom 6. August 2004, den Artikel L. 226-13 des Strafgesetzbuches und die europ\u00e4ische Richtlinie vom 24. Oktober 1995 gesch\u00fctzt.<br \/>\nAuf der fourdata.io-Website erhebt der Inhaber der Website personenbezogene Daten des Nutzers nur f\u00fcr den Bedarf an bestimmten von der fourdata.io-Website angebotenen Dienstleistungen. Der Nutzer stellt diese Informationen in voller Kenntnis der Sachlage zur Verf\u00fcgung, insbesondere dann, wenn er selbst zur Eingabe schreitet. Es wird dann dem Benutzer des Standortes <strong>fourdata.io<\/strong> die Verpflichtung oder nicht, diese Informationen zur Verf\u00fcgung zu stellen.<br \/>\nIn \u00dcbereinstimmung mit den Bestimmungen der Artikel 38 und folgende des Gesetzes 78-17 vom 6. Januar 1978 in Bezug auf die Datenverarbeitung, die Dateien und die Freiheiten, hat jeder Benutzer ein Recht auf Zugang, auf Berichtigung, auf L\u00f6schung und auf Widerspruch zu den pers\u00f6nlichen Daten, die ihn betreffen. Um dieses Recht auszu\u00fcben, senden Sie Ihre Anfrage an <strong>fourdata.io<\/strong> per E-Mail oder durch eine schriftliche und unterzeichnete Anfrage, der eine Kopie des Ausweises mit der Unterschrift des Inhabers des Dokuments beigef\u00fcgt ist, unter Angabe der Adresse, an die die Antwort geschickt werden soll.<br \/>\nKeine pers\u00f6nlichen Informationen des Nutzers der Website <strong>fourdata.io<\/strong> werden ohne dessen Wissen ver\u00f6ffentlicht, ausgetauscht, \u00fcbertragen, abgetreten oder auf irgendeinem Medium an Dritte verkauft. Nur die Hypothese des R\u00fcckkaufs der Website <strong>fourdata.io<\/strong> an den Eigent\u00fcmer der Website und seiner Rechte w\u00fcrde die \u00dcbermittlung der oben genannten Informationen an den m\u00f6glichen K\u00e4ufer erlauben, der seinerseits der gleichen Verpflichtung zur Aufbewahrung und \u00c4nderung der Daten in Bezug auf den Nutzer der Website fourdata.io unterliegen w\u00fcrde.  <\/p>\n<\/div><\/div><\/div><\/div><\/div>\n","protected":false},"excerpt":{"rendered":"","protected":false},"author":1,"featured_media":0,"parent":0,"menu_order":0,"comment_status":"closed","ping_status":"closed","template":"100-width.php","meta":{"footnotes":""},"class_list":["post-8385","page","type-page","status-publish","hentry"],"_links":{"self":[{"href":"https:\/\/fourdata.io\/de\/wp-json\/wp\/v2\/pages\/8385","targetHints":{"allow":["GET"]}}],"collection":[{"href":"https:\/\/fourdata.io\/de\/wp-json\/wp\/v2\/pages"}],"about":[{"href":"https:\/\/fourdata.io\/de\/wp-json\/wp\/v2\/types\/page"}],"author":[{"embeddable":true,"href":"https:\/\/fourdata.io\/de\/wp-json\/wp\/v2\/users\/1"}],"replies":[{"embeddable":true,"href":"https:\/\/fourdata.io\/de\/wp-json\/wp\/v2\/comments?post=8385"}],"version-history":[{"count":5,"href":"https:\/\/fourdata.io\/de\/wp-json\/wp\/v2\/pages\/8385\/revisions"}],"predecessor-version":[{"id":17662,"href":"https:\/\/fourdata.io\/de\/wp-json\/wp\/v2\/pages\/8385\/revisions\/17662"}],"wp:attachment":[{"href":"https:\/\/fourdata.io\/de\/wp-json\/wp\/v2\/media?parent=8385"}],"curies":[{"name":"wp","href":"https:\/\/api.w.org\/{rel}","templated":true}]}}