{"id":8391,"date":"2019-09-09T17:06:01","date_gmt":"2019-09-09T15:06:01","guid":{"rendered":"https:\/\/fourdata.io\/datenschutz\/"},"modified":"2025-11-07T17:58:44","modified_gmt":"2025-11-07T16:58:44","slug":"datenschutz","status":"publish","type":"page","link":"https:\/\/fourdata.io\/de\/datenschutz\/","title":{"rendered":"Datenschutz"},"content":{"rendered":"<div class=\"fusion-fullwidth fullwidth-box fusion-builder-row-1 fusion-flex-container nonhundred-percent-fullwidth non-hundred-percent-height-scrolling ctnr-top-page\" style=\"--awb-border-radius-top-left:0px;--awb-border-radius-top-right:0px;--awb-border-radius-bottom-right:0px;--awb-border-radius-bottom-left:0px;--awb-flex-wrap:wrap;\" ><div class=\"fusion-builder-row fusion-row fusion-flex-align-items-flex-start fusion-flex-justify-content-center fusion-flex-content-wrap\" style=\"max-width:1277.12px;margin-left: calc(-4% \/ 2 );margin-right: calc(-4% \/ 2 );\"><div class=\"fusion-layout-column fusion_builder_column fusion-builder-column-0 fusion_builder_column_1_1 1_1 fusion-flex-column\" style=\"--awb-bg-size:cover;--awb-width-large:100%;--awb-margin-top-large:0px;--awb-spacing-right-large:1.92%;--awb-margin-bottom-large:0px;--awb-spacing-left-large:1.92%;--awb-width-medium:100%;--awb-spacing-right-medium:1.92%;--awb-spacing-left-medium:1.92%;--awb-width-small:100%;--awb-spacing-right-small:1.92%;--awb-spacing-left-small:1.92%;\"><div class=\"fusion-column-wrapper fusion-column-has-shadow fusion-flex-justify-content-center fusion-content-layout-column\"><div class=\"fusion-title title fusion-title-1 fusion-sep-none fusion-title-text fusion-title-size-one\" style=\"--awb-margin-top-small:0px;--awb-margin-right-small:0px;--awb-margin-bottom-small:20px;--awb-margin-left-small:0px;\"><h1 class=\"fusion-title-heading title-heading-left\" style=\"margin:0;\"><h1 style=\"text-align: center;\"><span style=\"color: #1ba1dc;\">ALLGEMEINE NUTZUNGSBEDINGUNGEN<\/span><\/h1><\/h1><\/div><div class=\"fusion-text fusion-text-1\" style=\"--awb-content-alignment:justify;--awb-text-transform:none;\"><h2 data-start=\"131\" data-end=\"158\"><strong data-start=\"131\" data-end=\"158\">SOFTWARE &amp; DATEN-HOSTING<\/strong><\/h2>\n<h3 data-start=\"160\" data-end=\"174\">Pr\u00e4ambel<\/h3>\n<p data-start=\"175\" data-end=\"754\">FOUR DATA bezieht sich auf das Unternehmen SAS FOUR DATA (&#8222;der Anbieter&#8220;), mit einem Stammkapital von 519.750,00 \u20ac, mit Sitz in 11 Rue Paul Th\u00e9nard, 21000 Dijon, Frankreich, eingetragen im Handels- und Gesellschaftsregister von Dijon unter der Nummer 821 783 222 00044.<br data-start=\"421\" data-end=\"424\">Das Unternehmen bietet seinen Kunden eine Online-Softwarel\u00f6sung (SaaS) f\u00fcr die Verwaltung, \u00dcberwachung und Analyse von angeschlossenen Sensoren zur \u00dcberwachung von Fl\u00fcssigkeits-, Feststoff- und Gasst\u00e4nden sowie von Daten verschiedener Ger\u00e4te. Diese \u00dcberwachung erfolgt \u00fcber die Plattformen DESK und SENS (im Folgenden als &#8222;die L\u00f6sungen&#8220; bezeichnet). <\/p>\n<p data-start=\"756\" data-end=\"874\">Durch den Zugriff auf die L\u00f6sungen oder deren Nutzung akzeptieren der Kunde und seine Nutzer diese Allgemeinen Nutzungsbedingungen (ANB) vorbehaltlos.<\/p>\n<h2 data-start=\"881\" data-end=\"908\">Artikel 1. Definitionen <\/h2>\n<ul data-start=\"910\" data-end=\"2542\">\n<li data-start=\"910\" data-end=\"1207\">\n<p data-start=\"912\" data-end=\"1020\"><strong data-start=\"912\" data-end=\"926\">Anomalien:<\/strong> Betriebliche Probleme der Anwendung, die sich wiederholen und reproduzierbar sind, kategorisiert als:<\/p>\n<ul data-start=\"1023\" data-end=\"1207\">\n<li data-start=\"1023\" data-end=\"1079\">\n<p data-start=\"1025\" data-end=\"1079\"><em data-start=\"1025\" data-end=\"1044\">Blockierende Anomalie:<\/em> verhindert die Nutzung der Anwendung.<\/p>\n<\/li>\n<li data-start=\"1082\" data-end=\"1149\">\n<p data-start=\"1084\" data-end=\"1149\"><em data-start=\"1084\" data-end=\"1108\">Semi-blocking anomaly:<\/em> erlaubt die teilweise Nutzung der Anwendung.<\/p>\n<\/li>\n<li data-start=\"1152\" data-end=\"1207\">\n<p data-start=\"1154\" data-end=\"1207\"><em data-start=\"1154\" data-end=\"1170\">Geringf\u00fcgige Anomalie:<\/em> erm\u00f6glicht die volle Nutzung mit einer Umgehung.<\/p>\n<\/li>\n<\/ul>\n<\/li>\n<li data-start=\"1209\" data-end=\"1279\">\n<p data-start=\"1211\" data-end=\"1279\"><strong data-start=\"1211\" data-end=\"1229\">Abonnements:<\/strong> Kostenpflichtiger Service, der Zugang zu den L\u00f6sungen bietet.<\/p>\n<\/li>\n<li data-start=\"1281\" data-end=\"1450\">\n<p data-start=\"1283\" data-end=\"1450\"><strong data-start=\"1283\" data-end=\"1294\">Kunde:<\/strong> Jede nat\u00fcrliche oder juristische Person, die einen Vertrag mit FOUR DATA abgeschlossen hat, indem sie entweder Sensoren kauft und\/oder eine oder mehrere L\u00f6sungen abonniert.<\/p>\n<\/li>\n<li data-start=\"1452\" data-end=\"1549\">\n<p data-start=\"1454\" data-end=\"1549\"><strong data-start=\"1454\" data-end=\"1479\">Spezifische Entwicklung:<\/strong> Ma\u00dfgeschneiderte Software, die vom Anbieter exklusiv f\u00fcr den Kunden erstellt wird.<\/p>\n<\/li>\n<li data-start=\"1551\" data-end=\"1647\">\n<p data-start=\"1553\" data-end=\"1647\"><strong data-start=\"1553\" data-end=\"1571\">Dokumentation:<\/strong> Papier- oder digitale Dokumente, die sich auf die Nutzung der Software beziehen, unabh\u00e4ngig vom Format.<\/p>\n<\/li>\n<li data-start=\"1649\" data-end=\"1723\">\n<p data-start=\"1651\" data-end=\"1723\"><strong data-start=\"1651\" data-end=\"1660\">Benutzer:<\/strong> Jede Person, die vom Kunden zum Zugriff auf die L\u00f6sungen autorisiert wurde.<\/p>\n<\/li>\n<li data-start=\"1725\" data-end=\"1851\">\n<p data-start=\"1727\" data-end=\"1851\"><strong data-start=\"1727\" data-end=\"1745\">Administrator:<\/strong> Die Person, die f\u00fcr die Verwaltung der L\u00f6sung verantwortlich ist, einschlie\u00dflich Daten, Sicherheit, Betrieb und Benutzerzugriff.<\/p>\n<\/li>\n<li data-start=\"1853\" data-end=\"1950\">\n<p data-start=\"1855\" data-end=\"1950\"><strong data-start=\"1855\" data-end=\"1871\">Identifikatoren:<\/strong> Eine Kombination aus Login und Passwort, die einen sicheren Zugang zu den L\u00f6sungen erm\u00f6glicht.<\/p>\n<\/li>\n<li data-start=\"1952\" data-end=\"2089\">\n<p data-start=\"1954\" data-end=\"2089\"><strong data-start=\"1954\" data-end=\"1981\">L\u00f6sungen oder Plattformen:<\/strong> Die webbasierten Plattformen DESK und SENS f\u00fcr die Verwaltung und Visualisierung der Daten von mit FOUR DATA verbundenen Sensoren.<\/p>\n<\/li>\n<li data-start=\"2091\" data-end=\"2195\">\n<p data-start=\"2093\" data-end=\"2195\"><strong data-start=\"2093\" data-end=\"2109\">Wartung:<\/strong> Arbeiten, die die ordnungsgem\u00e4\u00dfe Funktion, Aktualisierung und Verf\u00fcgbarkeit der Anwendungen sicherstellen.<\/p>\n<\/li>\n<li data-start=\"2197\" data-end=\"2304\">\n<p data-start=\"2199\" data-end=\"2304\"><strong data-start=\"2199\" data-end=\"2215\">Arbeitsstation:<\/strong> Jedes Ger\u00e4t (Computer, Tablet, Smartphone usw.), das von einem Benutzer f\u00fcr den Zugriff auf die L\u00f6sung verwendet wird.<\/p>\n<\/li>\n<li data-start=\"2306\" data-end=\"2370\">\n<p data-start=\"2308\" data-end=\"2370\"><strong data-start=\"2308\" data-end=\"2320\">Sensoren:<\/strong> Hardware-Ger\u00e4te, die Messdaten sammeln.<\/p>\n<\/li>\n<li data-start=\"2372\" data-end=\"2459\">\n<p data-start=\"2374\" data-end=\"2459\"><strong data-start=\"2374\" data-end=\"2383\">Daten:<\/strong> Alle Informationen, die \u00fcber die L\u00f6sungen gesammelt, \u00fcbertragen und gespeichert werden.<\/p>\n<\/li>\n<li data-start=\"2461\" data-end=\"2542\">\n<p data-start=\"2463\" data-end=\"2542\"><strong data-start=\"2463\" data-end=\"2480\">SaaS-Dienst:<\/strong> Online-Softwaredienst, der von FOUR DATA gehostet und gepflegt wird.<\/p>\n<\/li>\n<\/ul>\n<h2 data-start=\"2549\" data-end=\"2572\">Artikel 2. Zweck <\/h2>\n<p data-start=\"2573\" data-end=\"2710\">Diese AGB definieren die Bedingungen, unter denen FOUR DATA den Zugang zu den DESK- und SENS-L\u00f6sungen im SaaS-Modus bereitstellt, einschlie\u00dflich:<\/p>\n<ul data-start=\"2711\" data-end=\"2932\">\n<li data-start=\"2711\" data-end=\"2759\">\n<p data-start=\"2713\" data-end=\"2759\">Online-Zugang zu den Funktionen von SENS &amp; DESK<\/p>\n<\/li>\n<li data-start=\"2760\" data-end=\"2798\">\n<p data-start=\"2762\" data-end=\"2798\">Nutzungsrechte und Daten\u00e4nderung<\/p>\n<\/li>\n<li data-start=\"2799\" data-end=\"2837\">\n<p data-start=\"2801\" data-end=\"2837\">Datenhosting, Datensicherung und Sicherheit<\/p>\n<\/li>\n<li data-start=\"2838\" data-end=\"2875\">\n<p data-start=\"2840\" data-end=\"2875\">Wartung und technische Unterst\u00fctzung<\/p>\n<\/li>\n<li data-start=\"2876\" data-end=\"2932\">\n<p data-start=\"2878\" data-end=\"2932\">Einhaltung der Vertraulichkeit und der GDPR-Vorschriften<\/p>\n<\/li>\n<\/ul>\n<h2 data-start=\"2939\" data-end=\"2970\">Artikel 3. Zugang zur Plattform <\/h2>\n<p data-start=\"2971\" data-end=\"3157\">Der Zugriff erfolgt \u00fcber das Internet mit einem aktuellen Webbrowser (Chrome, Edge, Firefox oder Safari).<br data-start=\"3065\" data-end=\"3068\">Der Kunde ist f\u00fcr die Kompatibilit\u00e4t seiner Ger\u00e4te und seiner Internetverbindung verantwortlich.<\/p>\n<p data-start=\"3159\" data-end=\"3349\">Der Zugang ist rund um die Uhr verf\u00fcgbar, au\u00dfer w\u00e4hrend geplanter Wartungsarbeiten, \u00fcber die FOUR DATA den Kunden mindestens 48 Stunden im Voraus per E-Mail oder \u00fcber ein Banner auf der DESK &amp; SENS-Oberfl\u00e4che informiert.<\/p>\n<p data-start=\"3351\" data-end=\"3547\">Identifikatoren sind pers\u00f6nlich und vertraulich. Der Kunde ist f\u00fcr ihre Verwendung und Sicherheit verantwortlich. Passw\u00f6rter m\u00fcssen Gro\u00df- und Kleinbuchstaben, Zahlen und mindestens ein Satzzeichen enthalten.  <\/p>\n<h2 data-start=\"3554\" data-end=\"3584\">Artikel 4. Lizenz zur Nutzung <\/h2>\n<p data-start=\"3585\" data-end=\"3716\">FOUR DATA gew\u00e4hrt dem Kunden ein nicht exklusives, pers\u00f6nliches und nicht \u00fcbertragbares Recht zur Nutzung der L\u00f6sungen w\u00e4hrend der Vertragslaufzeit.<\/p>\n<p data-start=\"3718\" data-end=\"3919\">Die Vervielf\u00e4ltigung, \u00c4nderung, Verbreitung oder das Reverse Engineering der L\u00f6sungen ist strengstens untersagt. Die L\u00f6sungen, ihr Quellcode und die Dokumentation bleiben das ausschlie\u00dfliche Eigentum von FOUR DATA. <\/p>\n<h2 data-start=\"3926\" data-end=\"3967\">Artikel 5. Datenhosting und Sicherheit <\/h2>\n<p data-start=\"3968\" data-end=\"4128\">Die \u00fcber die Sensoren und DESK\/SENS-Plattformen gesammelten Daten werden ausschlie\u00dflich in Europa (Frankreich und Deutschland) in zertifizierten, nach ISO 27001 gesicherten Rechenzentren gehostet.<\/p>\n<p data-start=\"4130\" data-end=\"4153\">VIER DATEN-Garantien:<\/p>\n<ul data-start=\"4154\" data-end=\"4335\">\n<li data-start=\"4154\" data-end=\"4207\">\n<p data-start=\"4156\" data-end=\"4207\">Vertraulichkeit, Integrit\u00e4t und Verf\u00fcgbarkeit von Daten<\/p>\n<\/li>\n<li data-start=\"4208\" data-end=\"4225\">\n<p data-start=\"4210\" data-end=\"4225\">T\u00e4gliche Backups<\/p>\n<\/li>\n<li data-start=\"4226\" data-end=\"4277\">\n<p data-start=\"4228\" data-end=\"4277\">Hohe Serververf\u00fcgbarkeit und markt\u00fcbliche Sicherheit<\/p>\n<\/li>\n<li data-start=\"4278\" data-end=\"4335\">\n<p data-start=\"4280\" data-end=\"4335\">Kein Verkauf, keine Vermietung und keine Weitergabe von Daten an Dritte<\/p>\n<\/li>\n<\/ul>\n<p data-start=\"4337\" data-end=\"4486\">Die Daten werden 5 Jahre lang archiviert und danach sicher gel\u00f6scht.<br data-start=\"4398\" data-end=\"4401\">Es werden nur Sensorwerte und Einrichtungsinformationen (Name, E-Mail, Ger\u00e4teadresse) gespeichert.<\/p>\n<h2 data-start=\"4493\" data-end=\"4523\">Artikel 6. Eigentum an den Daten <\/h2>\n<p data-start=\"4524\" data-end=\"4710\">Der Kunde beh\u00e4lt das volle Eigentum an allen Daten, die \u00fcber die L\u00f6sungen gesammelt und verarbeitet werden.<br data-start=\"4612\" data-end=\"4615\">FOUR DATA agiert ausschlie\u00dflich als Datenverarbeiter im Sinne der GDPR und verwendet die Daten nur f\u00fcr die Erbringung der Dienstleistung.<\/p>\n<p data-start=\"4712\" data-end=\"4844\">Der Administrator kann die Daten jederzeit l\u00f6schen.<br data-start=\"4758\" data-end=\"4761\">Der Kunde erh\u00e4lt keine Eigentumsrechte an den L\u00f6sungen oder am geistigen Eigentum.<\/p>\n<h2 data-start=\"4851\" data-end=\"4891\">Artikel 7. Schutz personenbezogener Daten <\/h2>\n<p data-start=\"4892\" data-end=\"4972\">Beide Parteien halten sich an die GDPR (EU-Verordnung 2016\/679).<br data-start=\"4947\" data-end=\"4950\">FOUR DATA erkl\u00e4rt sich damit einverstanden:<\/p>\n<ul data-start=\"4973\" data-end=\"5267\">\n<li data-start=\"4973\" data-end=\"5016\">\n<p data-start=\"4975\" data-end=\"5016\">Daten nur f\u00fcr die Bereitstellung von Dienstleistungen verarbeiten<\/p>\n<\/li>\n<li data-start=\"5017\" data-end=\"5060\">\n<p data-start=\"5019\" data-end=\"5060\">Beschr\u00e4nken Sie den Zugang auf autorisiertes Personal<\/p>\n<\/li>\n<li data-start=\"5061\" data-end=\"5117\">\n<p data-start=\"5063\" data-end=\"5117\">Benachrichtigen Sie den Kunden innerhalb von 48 Stunden \u00fcber jede Datenverletzung<\/p>\n<\/li>\n<li data-start=\"5118\" data-end=\"5191\">\n<p data-start=\"5120\" data-end=\"5191\">Daten nach Beendigung des Dienstes dauerhaft l\u00f6schen, sofern dies nicht gesetzlich vorgeschrieben ist<\/p>\n<\/li>\n<li data-start=\"5192\" data-end=\"5267\">\n<p data-start=\"5194\" data-end=\"5267\">F\u00fchren Sie Verarbeitungsprotokolle und ernennen Sie einen Datenschutzbeauftragten (DSB)<\/p>\n<\/li>\n<\/ul>\n<p data-start=\"5269\" data-end=\"5331\"><strong data-start=\"5269\" data-end=\"5285\">Kontakt zum DSB:<\/strong><br data-start=\"5285\" data-end=\"5288\">Herr Fran\u00e7ois du Garreau &#8211; <a class=\"decorated-link cursor-pointer\" rel=\"noopener\" data-start=\"5314\" data-end=\"5329\">dpo@fourdata.io<\/a><\/p>\n<h2 data-start=\"5338\" data-end=\"5377\">Artikel 8. Wartung und Unterst\u00fctzung <\/h2>\n<p data-start=\"5378\" data-end=\"5521\">FOUR DATA bietet korrigierende und evolution\u00e4re Wartung und technischen Support von Montag bis Freitag, 9-18 Uhr (au\u00dfer an Feiertagen).<\/p>\n<p data-start=\"5523\" data-end=\"5657\">Anomalien k\u00f6nnen per E-Mail oder Telefon gemeldet werden. Kritische Probleme werden innerhalb von 6 Arbeitsstunden diagnostiziert und umgehend korrigiert oder entsch\u00e4rft. <\/p>\n<h2 data-start=\"5664\" data-end=\"5695\">Artikel 9. Vertraulichkeit <\/h2>\n<p data-start=\"5696\" data-end=\"5859\">Beide Parteien verpflichten sich, alle ausgetauschten Informationen (technische, kommerzielle oder datenbezogene) w\u00e4hrend und f\u00fcr 3 Jahre nach der Vertragslaufzeit streng vertraulich zu behandeln.<\/p>\n<h2 data-start=\"5866\" data-end=\"5891\">Artikel 10. Ausbildung <\/h2>\n<p data-start=\"5892\" data-end=\"6067\">Auf Anfrage kann FOUR DATA Schulungsdienste zu gemeinsam vereinbarten Bedingungen und Preisen anbieten.<br data-start=\"5986\" data-end=\"5989\">Schulungen k\u00f6nnen in Rechnung gestellt werden, wenn wiederholte Benutzerprobleme au\u00dferhalb der Behandlung von Anomalien auftreten.<\/p>\n<h2 data-start=\"6074\" data-end=\"6114\">Artikel 11. Beschr\u00e4nkung der Haftung <\/h2>\n<p data-start=\"6115\" data-end=\"6145\">FOUR DATA ist nicht haftbar f\u00fcr:<\/p>\n<ul data-start=\"6146\" data-end=\"6284\">\n<li data-start=\"6146\" data-end=\"6178\">\n<p data-start=\"6148\" data-end=\"6178\">Internet- oder Netzwerkausf\u00e4lle<\/p>\n<\/li>\n<li data-start=\"6179\" data-end=\"6212\">\n<p data-start=\"6181\" data-end=\"6212\">Unsachgem\u00e4\u00dfe Verwendung der L\u00f6sungen<\/p>\n<\/li>\n<li data-start=\"6213\" data-end=\"6284\">\n<p data-start=\"6215\" data-end=\"6284\">H\u00f6here Gewalt (wie in Artikel 1218 des franz\u00f6sischen Zivilgesetzbuches definiert)<\/p>\n<\/li>\n<\/ul>\n<p data-start=\"6286\" data-end=\"6373\">Die Haftung ist auf die Gesamtsumme der in den letzten 3 Monaten vor dem Vorfall gezahlten Geb\u00fchren beschr\u00e4nkt.<\/p>\n<h2 data-start=\"6380\" data-end=\"6417\">Artikel 12. Finanzielle Bedingungen <\/h2>\n<h3 data-start=\"6419\" data-end=\"6452\">12.1 Abonnements und Geb\u00fchren<\/h3>\n<p data-start=\"6453\" data-end=\"6586\">Kunden zahlen eine monatliche oder j\u00e4hrliche Geb\u00fchr, die in den spezifischen Bedingungen festgelegt ist.<br data-start=\"6518\" data-end=\"6521\">Die Tarife werden j\u00e4hrlich auf der Grundlage des Syntec-Index ge\u00e4ndert.<\/p>\n<p data-start=\"6588\" data-end=\"6638\">Zu den ausgeschlossenen und separat abgerechneten Leistungen geh\u00f6ren:<\/p>\n<ul data-start=\"6639\" data-end=\"6761\">\n<li data-start=\"6639\" data-end=\"6651\">\n<p data-start=\"6641\" data-end=\"6651\">Ausbildung<\/p>\n<\/li>\n<li data-start=\"6652\" data-end=\"6676\">\n<p data-start=\"6654\" data-end=\"6676\">Technische Hilfe<\/p>\n<\/li>\n<li data-start=\"6677\" data-end=\"6699\">\n<p data-start=\"6679\" data-end=\"6699\">Einsatz vor Ort<\/p>\n<\/li>\n<li data-start=\"6700\" data-end=\"6722\">\n<p data-start=\"6702\" data-end=\"6722\">Kundenspezifische Entwicklung<\/p>\n<\/li>\n<li data-start=\"6723\" data-end=\"6761\">\n<p data-start=\"6725\" data-end=\"6761\">Jeder Dienst au\u00dferhalb des SaaS-Angebots<\/p>\n<\/li>\n<\/ul>\n<h3 data-start=\"6763\" data-end=\"6787\">12.2 Zahlungsbedingungen<\/h3>\n<p data-start=\"6788\" data-end=\"6967\">Die Rechnungen werden monatlich oder j\u00e4hrlich ausgestellt und sind innerhalb von 30 Tagen oder am 1. eines jeden Monats per SEPA-Lastschriftverfahren zu zahlen.<br data-start=\"6905\" data-end=\"6908\">Die anwendbare Mehrwertsteuer wird je nach Land des Kunden hinzugef\u00fcgt.<\/p>\n<h2 data-start=\"6974\" data-end=\"7015\">Artikel 13. Dauer und Beendigung <\/h2>\n<p data-start=\"7016\" data-end=\"7158\">Die Vertragsdauer ist in den besonderen Bedingungen festgelegt und verl\u00e4ngert sich automatisch, wenn sie nicht 3 Monate vor Ablauf per Einschreiben gek\u00fcndigt wird.<\/p>\n<p data-start=\"7160\" data-end=\"7368\">Im Falle eines schwerwiegenden Versto\u00dfes kann die K\u00fcndigung 30 Tage nach der Mahnung ohne Wirkung erfolgen.<br data-start=\"7252\" data-end=\"7255\">Nach der K\u00fcndigung gibt FOUR DATA alle Daten (CSV, JSON, etc.) innerhalb von 45 Tagen zur\u00fcck und l\u00f6scht sie dann endg\u00fcltig.<\/p>\n<h2 data-start=\"7375\" data-end=\"7409\">Artikel 14. Gew\u00e4hrleistung des Eigentumsrechts <\/h2>\n<p data-start=\"7410\" data-end=\"7508\">FOUR DATA garantiert, dass die L\u00f6sungen Originalwerke sind und keine Rechte Dritter verletzen.<\/p>\n<h2 data-start=\"7515\" data-end=\"7548\">Artikel 15. Abwerbeverbot <\/h2>\n<p data-start=\"7549\" data-end=\"7695\">Der Kunde verpflichtet sich, w\u00e4hrend der Laufzeit des Vertrags und bis 12 Monate nach Vertragsende keine Mitarbeiter von FOUR DATA einzustellen oder abzuwerben, es sei denn, er hat dies schriftlich genehmigt.<\/p>\n<h2 data-start=\"7702\" data-end=\"7749\">Artikel 16. Geltendes Recht und Gerichtsstand <\/h2>\n<p data-start=\"7750\" data-end=\"7890\">Die vorliegenden AGB unterliegen franz\u00f6sischem Recht.<br data-start=\"7787\" data-end=\"7790\">F\u00fcr alle Streitigkeiten ist ausschlie\u00dflich das <strong data-start=\"7854\" data-end=\"7890\">Handelsgericht Dijon (Frankreich)<\/strong> zust\u00e4ndig <strong data-start=\"7854\" data-end=\"7890\">.<\/strong><\/p>\n<h2 data-start=\"7897\" data-end=\"7921\">Artikel 17. Kontakt<\/h2>\n<p data-start=\"7922\" data-end=\"8088\">Bei Fragen zu diesen AGB oder zur Datenverarbeitung:<br data-start=\"7979\" data-end=\"7982\"><strong data-start=\"7982\" data-end=\"7995\">FOUR DATA<\/strong><br data-start=\"7995\" data-end=\"7998\">11 Rue Paul Th\u00e9nard, 21000 Dijon<br data-start=\"8030\" data-end=\"8033\">Email: <a class=\"decorated-link cursor-pointer\" rel=\"noopener\" data-start=\"8040\" data-end=\"8059\">contact@fourdata.io<\/a><br data-start=\"8059\" data-end=\"8062\">Website: <a class=\"decorated-link\" href=\"http:\/\/www.fourdata.io\" target=\"_new\" rel=\"noopener\" data-start=\"8071\" data-end=\"8086\">www.fourdata.io<\/a><\/p>\n<p data-start=\"8090\" data-end=\"8115\"><strong data-start=\"8090\" data-end=\"8113\">Dijon, Juni 1, 2025<\/strong><\/p>\n<p data-start=\"8117\" data-end=\"8128\"><strong data-start=\"8117\" data-end=\"8128\">Der DSB<\/strong><\/p>\n<\/div><\/div><\/div><\/div><\/div>\n","protected":false},"excerpt":{"rendered":"","protected":false},"author":1,"featured_media":0,"parent":0,"menu_order":0,"comment_status":"closed","ping_status":"closed","template":"100-width.php","meta":{"footnotes":""},"class_list":["post-8391","page","type-page","status-publish","hentry"],"_links":{"self":[{"href":"https:\/\/fourdata.io\/de\/wp-json\/wp\/v2\/pages\/8391","targetHints":{"allow":["GET"]}}],"collection":[{"href":"https:\/\/fourdata.io\/de\/wp-json\/wp\/v2\/pages"}],"about":[{"href":"https:\/\/fourdata.io\/de\/wp-json\/wp\/v2\/types\/page"}],"author":[{"embeddable":true,"href":"https:\/\/fourdata.io\/de\/wp-json\/wp\/v2\/users\/1"}],"replies":[{"embeddable":true,"href":"https:\/\/fourdata.io\/de\/wp-json\/wp\/v2\/comments?post=8391"}],"version-history":[{"count":5,"href":"https:\/\/fourdata.io\/de\/wp-json\/wp\/v2\/pages\/8391\/revisions"}],"predecessor-version":[{"id":19870,"href":"https:\/\/fourdata.io\/de\/wp-json\/wp\/v2\/pages\/8391\/revisions\/19870"}],"wp:attachment":[{"href":"https:\/\/fourdata.io\/de\/wp-json\/wp\/v2\/media?parent=8391"}],"curies":[{"name":"wp","href":"https:\/\/api.w.org\/{rel}","templated":true}]}}