{"id":8456,"date":"2022-04-21T08:07:12","date_gmt":"2022-04-21T06:07:12","guid":{"rendered":"https:\/\/fourdata.io\/nos-engagements\/"},"modified":"2022-07-26T04:00:12","modified_gmt":"2022-07-26T02:00:12","slug":"nos-engagements","status":"publish","type":"page","link":"https:\/\/fourdata.io\/de\/nos-engagements\/","title":{"rendered":"Nos Engagements"},"content":{"rendered":"<p><div class=\"fusion-fullwidth fullwidth-box fusion-builder-row-1 fusion-flex-container nonhundred-percent-fullwidth non-hundred-percent-height-scrolling ctnr-top-page\" style=\"--awb-border-radius-top-left:0px;--awb-border-radius-top-right:0px;--awb-border-radius-bottom-right:0px;--awb-border-radius-bottom-left:0px;--awb-flex-wrap:wrap;\" ><div class=\"fusion-builder-row fusion-row fusion-flex-align-items-flex-start fusion-flex-content-wrap\" style=\"max-width:1277.12px;margin-left: calc(-4% \/ 2 );margin-right: calc(-4% \/ 2 );\"><div class=\"fusion-layout-column fusion_builder_column fusion-builder-column-0 fusion_builder_column_1_1 1_1 fusion-flex-column\" style=\"--awb-bg-size:cover;--awb-width-large:100%;--awb-margin-top-large:0px;--awb-spacing-right-large:1.92%;--awb-margin-bottom-large:0px;--awb-spacing-left-large:1.92%;--awb-width-medium:100%;--awb-order-medium:0;--awb-spacing-right-medium:1.92%;--awb-spacing-left-medium:1.92%;--awb-width-small:100%;--awb-order-small:0;--awb-spacing-right-small:1.92%;--awb-spacing-left-small:1.92%;\"><div class=\"fusion-column-wrapper fusion-column-has-shadow fusion-flex-justify-content-flex-start fusion-content-layout-column\"><div class=\"fusion-image-element \" style=\"text-align:center;--awb-caption-title-font-family:var(--h2_typography-font-family);--awb-caption-title-font-weight:var(--h2_typography-font-weight);--awb-caption-title-font-style:var(--h2_typography-font-style);--awb-caption-title-size:var(--h2_typography-font-size);--awb-caption-title-transform:var(--h2_typography-text-transform);--awb-caption-title-line-height:var(--h2_typography-line-height);--awb-caption-title-letter-spacing:var(--h2_typography-letter-spacing);\"><span class=\" fusion-imageframe imageframe-none imageframe-1 hover-type-none picto\"><img decoding=\"async\" width=\"250\" height=\"250\" title=\"picto-engagements\" src=\"https:\/\/fourdata.io\/wp-content\/uploads\/2022\/05\/picto-engagements.svg\" alt class=\"img-responsive wp-image-8061\"\/><\/span><\/div><div class=\"fusion-title title fusion-title-1 fusion-sep-none fusion-title-center fusion-title-text fusion-title-size-one\" style=\"--awb-margin-top-small:0px;--awb-margin-right-small:0px;--awb-margin-bottom-small:20px;--awb-margin-left-small:0px;\"><h1 class=\"fusion-title-heading title-heading-center\" style=\"margin:0;\">Unser Engagement<\/h1><\/div><\/div><\/div><\/div><\/div><div class=\"fusion-fullwidth fullwidth-box fusion-builder-row-2 fusion-flex-container nonhundred-percent-fullwidth non-hundred-percent-height-scrolling ctnr-img-gauche\" style=\"--awb-border-radius-top-left:0px;--awb-border-radius-top-right:0px;--awb-border-radius-bottom-right:0px;--awb-border-radius-bottom-left:0px;--awb-flex-wrap:wrap;\" ><div class=\"fusion-builder-row fusion-row fusion-flex-align-items-center fusion-flex-content-wrap\" style=\"max-width:1277.12px;margin-left: calc(-4% \/ 2 );margin-right: calc(-4% \/ 2 );\"><div class=\"fusion-layout-column fusion_builder_column fusion-builder-column-1 fusion_builder_column_2_5 2_5 fusion-flex-column\" style=\"--awb-bg-size:cover;--awb-width-large:40%;--awb-margin-top-large:0px;--awb-spacing-right-large:4.8%;--awb-margin-bottom-large:0px;--awb-spacing-left-large:4.8%;--awb-width-medium:100%;--awb-order-medium:0;--awb-spacing-right-medium:1.92%;--awb-spacing-left-medium:1.92%;--awb-width-small:100%;--awb-order-small:0;--awb-spacing-right-small:1.92%;--awb-spacing-left-small:1.92%;\"><div class=\"fusion-column-wrapper fusion-column-has-shadow fusion-flex-justify-content-flex-start fusion-content-layout-column\"><div class=\"fusion-image-element \" style=\"text-align:center;--awb-caption-title-font-family:var(--h2_typography-font-family);--awb-caption-title-font-weight:var(--h2_typography-font-weight);--awb-caption-title-font-style:var(--h2_typography-font-style);--awb-caption-title-size:var(--h2_typography-font-size);--awb-caption-title-transform:var(--h2_typography-text-transform);--awb-caption-title-line-height:var(--h2_typography-line-height);--awb-caption-title-letter-spacing:var(--h2_typography-letter-spacing);\"><span class=\" fusion-imageframe imageframe-none imageframe-2 hover-type-none\"><img decoding=\"async\" width=\"545\" height=\"545\" src=\"https:\/\/fourdata.io\/wp-content\/uploads\/2022\/07\/ideal-local.png\" alt class=\"img-responsive wp-image-8355\" srcset=\"https:\/\/fourdata.io\/wp-content\/uploads\/2022\/07\/ideal-local-200x200.png 200w, https:\/\/fourdata.io\/wp-content\/uploads\/2022\/07\/ideal-local-400x400.png 400w, https:\/\/fourdata.io\/wp-content\/uploads\/2022\/07\/ideal-local.png 545w\" sizes=\"(max-width: 800px) 100vw, (max-width: 640px) 100vw, 545px\" \/><\/span><\/div><div class=\"fusion-image-element \" style=\"--awb-caption-title-font-family:var(--h2_typography-font-family);--awb-caption-title-font-weight:var(--h2_typography-font-weight);--awb-caption-title-font-style:var(--h2_typography-font-style);--awb-caption-title-size:var(--h2_typography-font-size);--awb-caption-title-transform:var(--h2_typography-text-transform);--awb-caption-title-line-height:var(--h2_typography-line-height);--awb-caption-title-letter-spacing:var(--h2_typography-letter-spacing);\"><span class=\" fusion-imageframe imageframe-none imageframe-3 hover-type-none ornement bottom-left\"><img decoding=\"async\" width=\"900\" height=\"770\" src=\"https:\/\/fourdata.io\/wp-content\/uploads\/2022\/06\/rectangle-point-bleu-espace-fin.svg\" alt class=\"img-responsive wp-image-8113\"\/><\/span><\/div><\/div><\/div><div class=\"fusion-layout-column fusion_builder_column fusion-builder-column-2 fusion_builder_column_3_5 3_5 fusion-flex-column\" style=\"--awb-bg-size:cover;--awb-width-large:60%;--awb-margin-top-large:0px;--awb-spacing-right-large:3.2%;--awb-margin-bottom-large:0px;--awb-spacing-left-large:3.2%;--awb-width-medium:100%;--awb-order-medium:0;--awb-spacing-right-medium:1.92%;--awb-spacing-left-medium:1.92%;--awb-width-small:100%;--awb-order-small:0;--awb-spacing-right-small:1.92%;--awb-spacing-left-small:1.92%;\"><div class=\"fusion-column-wrapper fusion-column-has-shadow fusion-flex-justify-content-flex-start fusion-content-layout-column\"><div class=\"fusion-title title fusion-title-2 fusion-sep-none fusion-title-center fusion-title-text fusion-title-size-two\" style=\"--awb-margin-top-small:0px;--awb-margin-right-small:0px;--awb-margin-bottom-small:20px;--awb-margin-left-small:0px;\"><h2 class=\"fusion-title-heading title-heading-center\" style=\"margin:0;\">Vier Daten fressen lokal!<\/h2><\/div><div class=\"fusion-text fusion-text-1\" style=\"--awb-text-transform:none;\"><p>Four Data bietet seinen Mitarbeitern die M\u00f6glichkeit, sich lokal zu ern\u00e4hren durch<a href=\"https:\/\/ideeallocal.fr\/\"> id\u00e9al local<\/a>!!<\/p>\n<p class=\"sc-ehIJor eZpnKY pf-12_\" data-pf-type=\"Paragraph\"><em><span class=\"sc-BHvUt fJlZte pf-14_\" data-pf-type=\"Text\">ANDERS KONSUMIEREN, DIREKT BEI DEN ERZEUGERN:<\/span><\/em><\/p>\n<ul class=\"sc-gHjyzD dQAIat pf-15_\" data-pf-type=\"List\">\n<li class=\"sc-itWPBs dKPonY pf-16_\" data-pf-type=\"List.Item\">Das Beste vom Land &#8211; so nah wie m\u00f6glich<\/li>\n<li class=\"sc-itWPBs dKPonY pf-16_\" data-pf-type=\"List.Item\">In der Saison<\/li>\n<li class=\"sc-itWPBs dKPonY pf-16_\" data-pf-type=\"List.Item\">Zum besten Preis<\/li>\n<\/ul>\n<p>Der Begriff des lokalen Ideals in 4 Punkten :<\/p>\n<p class=\"sc-jUosCB gcYDfN pf-126_\" data-pf-type=\"Heading\"><strong><br \/>\n  <span class=\"sc-gyElHZ fxaypC pf-128_\" data-pf-type=\"Text\">KOH\u00c4RENZ :<\/span><br \/>\n<\/strong><span class=\"sc-gyElHZ fxaypC pf-128_\" data-pf-type=\"Text\">Ob Inhalt oder Form, das Bem\u00fchen um Koh\u00e4renz mit unserer Umwelt steht im Mittelpunkt unseres Ansatzes<\/span><span class=\"sc-gyElHZ fxaypC pf-128_\" data-pf-type=\"Text\">. <\/span> <\/p>\n<p class=\"sc-jUosCB gcYDfN pf-137_\" data-pf-type=\"Heading\"><strong><span class=\"sc-gyElHZ fxaypC pf-139_\" data-pf-type=\"Text\">PATRIOTISMUS :  <\/span><\/strong><span class=\"sc-gyElHZ fxaypC pf-139_\" data-pf-type=\"Text\">Lokal ist auch national! F\u00f6rdern wir die Produkte unserer au\u00dfergew\u00f6hnlichen Regionen, teilen wir sie und verbreiten wir sie zwischen unseren sch\u00f6nen Regionen<\/span><span class=\"sc-gyElHZ fxaypC pf-139_\" data-pf-type=\"Text\">.<\/span><\/p>\n<p class=\"sc-jUosCB gcYDfN pf-148_\" data-pf-type=\"Heading\"><span class=\"sc-gyElHZ fxaypC pf-150_\" data-pf-type=\"Text\"><strong>UMWELTVERANTWORTLICHKEIT:<\/strong> Wir sollten zur rechten Zeit und vor allem vern\u00fcnftig konsumieren. Die Luft des relativen \u00dcberflusses verschwindet, um einer tugendhaften und nachhaltigen Vielfalt Platz zu machen.<\/span><\/p>\n<p class=\"sc-jUosCB gcYDfN pf-159_\" data-pf-type=\"Heading\"><strong><br \/>\n  <span class=\"sc-gyElHZ fxaypC pf-161_\" data-pf-type=\"Text\">ENTHUSIASM : <\/span><br \/>\n<\/strong><span class=\"sc-gyElHZ fxaypC pf-161_\" data-pf-type=\"Text\">Produzieren, verkaufen, vertreiben, arbeiten, konsumieren, teilen, kochen, anbieten&#8230; mit Freude und guter Laune ist unsere treibende Kraft<\/span><span class=\"sc-gyElHZ fxaypC pf-161_\" data-pf-type=\"Text\">.<\/span><\/p>\n<\/div><\/div><\/div><\/div><\/div><div class=\"fusion-fullwidth fullwidth-box fusion-builder-row-3 fusion-flex-container nonhundred-percent-fullwidth non-hundred-percent-height-scrolling\" style=\"--awb-border-radius-top-left:0px;--awb-border-radius-top-right:0px;--awb-border-radius-bottom-right:0px;--awb-border-radius-bottom-left:0px;--awb-flex-wrap:wrap;\" ><div class=\"fusion-builder-row fusion-row fusion-flex-align-items-flex-start fusion-flex-content-wrap\" style=\"max-width:1277.12px;margin-left: calc(-4% \/ 2 );margin-right: calc(-4% \/ 2 );\"><div class=\"fusion-layout-column fusion_builder_column fusion-builder-column-3 fusion_builder_column_3_5 3_5 fusion-flex-column\" style=\"--awb-bg-size:cover;--awb-width-large:60%;--awb-margin-top-large:0px;--awb-spacing-right-large:3.2%;--awb-margin-bottom-large:0px;--awb-spacing-left-large:3.2%;--awb-width-medium:100%;--awb-order-medium:2;--awb-spacing-right-medium:1.92%;--awb-spacing-left-medium:1.92%;--awb-width-small:100%;--awb-order-small:2;--awb-spacing-right-small:1.92%;--awb-spacing-left-small:1.92%;\"><div class=\"fusion-column-wrapper fusion-column-has-shadow fusion-flex-justify-content-flex-start fusion-content-layout-column\"><div class=\"fusion-title title fusion-title-3 fusion-sep-none fusion-title-center fusion-title-text fusion-title-size-two\" style=\"--awb-margin-top-small:0px;--awb-margin-right-small:0px;--awb-margin-bottom-small:20px;--awb-margin-left-small:0px;\"><h2 class=\"fusion-title-heading title-heading-center\" style=\"margin:0;\">Ein CSR-Ansatz mit verbundenen Skalen!<\/h2><\/div><div class=\"fusion-text fusion-text-2\" style=\"--awb-text-transform:none;\"><p><strong>AUFSTELLUNG VON BIENENST\u00d6CKEN IN UNTERNEHMEN: EIN NACHHALTIGES PROJEKT, DAS ALLE ZUFRIEDENSTELLT.<\/strong><\/p>\n<\/div><div class=\"fusion-text fusion-text-3\" style=\"--awb-text-transform:none;\"><p><strong>Sensibilisieren und engagieren<\/strong> Sie Ihre Mitarbeiter durch die Entdeckung der Welt der Bienen. Ein wirksames Mittel, um den Zusammenhalt des Teams zu f\u00f6rdern und eine direkte Verbindung herzustellen.<\/p>\n<p><strong>Verbessern Sie das<\/strong> Image <strong>Ihres Unternehmens<\/strong>, indem Sie Ihren Kunden ein n\u00fctzliches CSR-Geschenk anbieten! Ihre Ernte wird in Gl\u00e4sern mit Ihren Farben und Ihrem Logo verpackt.your content goes here<\/p>\n<\/div><div class=\"fusion-text fusion-text-4\" style=\"--awb-text-transform:none;\"><p style=\"text-align: center;\"><strong>DAS KONZEPT: BEE2BEEP<\/strong><\/p>\n<\/div><div class=\"fusion-text fusion-text-5\" style=\"--awb-text-transform:none;\"><p><strong>Vermittlung von Kontakten zwischen lokalen Imkern und Unternehmen, die sich<\/strong> f\u00fcr den Umweltschutz engagieren, um eine betriebliche Imkerei einzurichten, mit dem Ziel, das Bewusstsein f\u00fcr die Welt der Bienen und die Artenvielfalt zu sch\u00e4rfen.<\/p>\n<\/div><div style=\"text-align:center;\"><a class=\"fusion-button button-flat fusion-button-default-size button-default fusion-button-default button-1 fusion-button-default-span fusion-button-default-type\" target=\"_blank\" rel=\"noopener noreferrer\" href=\"https:\/\/fourdata.io\/wp-content\/uploads\/2022\/07\/Flyer-RSE-Bee2beep.pdf\"><span class=\"fusion-button-text awb-button__text awb-button__text--default\">Bee2Beep \/\/ Laden Sie die CSR-Dokumentation herunter<\/span><\/a><\/div><\/div><\/div><div class=\"fusion-layout-column fusion_builder_column fusion-builder-column-4 fusion_builder_column_2_5 2_5 fusion-flex-column\" style=\"--awb-bg-size:cover;--awb-width-large:40%;--awb-margin-top-large:0px;--awb-spacing-right-large:4.8%;--awb-margin-bottom-large:0px;--awb-spacing-left-large:4.8%;--awb-width-medium:100%;--awb-order-medium:2;--awb-spacing-right-medium:1.92%;--awb-spacing-left-medium:1.92%;--awb-width-small:100%;--awb-order-small:1;--awb-spacing-right-small:1.92%;--awb-spacing-left-small:1.92%;\"><div class=\"fusion-column-wrapper fusion-column-has-shadow fusion-flex-justify-content-flex-start fusion-content-layout-column\"><div class=\"fusion-image-element \" style=\"--awb-caption-title-font-family:var(--h2_typography-font-family);--awb-caption-title-font-weight:var(--h2_typography-font-weight);--awb-caption-title-font-style:var(--h2_typography-font-style);--awb-caption-title-size:var(--h2_typography-font-size);--awb-caption-title-transform:var(--h2_typography-text-transform);--awb-caption-title-line-height:var(--h2_typography-line-height);--awb-caption-title-letter-spacing:var(--h2_typography-letter-spacing);\"><span class=\" fusion-imageframe imageframe-none imageframe-4 hover-type-none\"><img decoding=\"async\" width=\"545\" height=\"545\" src=\"https:\/\/fourdata.io\/wp-content\/uploads\/2022\/07\/ruche-RSE.png\" alt class=\"img-responsive wp-image-8357\" srcset=\"https:\/\/fourdata.io\/wp-content\/uploads\/2022\/07\/ruche-RSE-200x200.png 200w, https:\/\/fourdata.io\/wp-content\/uploads\/2022\/07\/ruche-RSE-400x400.png 400w, https:\/\/fourdata.io\/wp-content\/uploads\/2022\/07\/ruche-RSE.png 545w\" sizes=\"(max-width: 800px) 100vw, (max-width: 640px) 100vw, 545px\" \/><\/span><\/div><div class=\"fusion-image-element \" style=\"--awb-caption-title-font-family:var(--h2_typography-font-family);--awb-caption-title-font-weight:var(--h2_typography-font-weight);--awb-caption-title-font-style:var(--h2_typography-font-style);--awb-caption-title-size:var(--h2_typography-font-size);--awb-caption-title-transform:var(--h2_typography-text-transform);--awb-caption-title-line-height:var(--h2_typography-line-height);--awb-caption-title-letter-spacing:var(--h2_typography-letter-spacing);\"><span class=\" fusion-imageframe imageframe-none imageframe-5 hover-type-none ornement bottom-right\"><img decoding=\"async\" width=\"811\" height=\"542\" src=\"https:\/\/fourdata.io\/wp-content\/uploads\/2022\/05\/ornement-etoile.svg\" alt class=\"img-responsive wp-image-8021\"\/><\/span><\/div><\/div><\/div><\/div><\/div><div class=\"fusion-fullwidth fullwidth-box fusion-builder-row-4 fusion-flex-container nonhundred-percent-fullwidth non-hundred-percent-height-scrolling\" style=\"--awb-border-radius-top-left:0px;--awb-border-radius-top-right:0px;--awb-border-radius-bottom-right:0px;--awb-border-radius-bottom-left:0px;--awb-flex-wrap:wrap;\" ><div class=\"fusion-builder-row fusion-row fusion-flex-align-items-flex-start fusion-flex-content-wrap\" style=\"max-width:1277.12px;margin-left: calc(-4% \/ 2 );margin-right: calc(-4% \/ 2 );\"><\/div><\/div><\/p>\n","protected":false},"excerpt":{"rendered":"","protected":false},"author":4,"featured_media":0,"parent":0,"menu_order":0,"comment_status":"closed","ping_status":"closed","template":"100-width.php","meta":{"footnotes":""},"class_list":["post-8456","page","type-page","status-publish","hentry"],"_links":{"self":[{"href":"https:\/\/fourdata.io\/de\/wp-json\/wp\/v2\/pages\/8456","targetHints":{"allow":["GET"]}}],"collection":[{"href":"https:\/\/fourdata.io\/de\/wp-json\/wp\/v2\/pages"}],"about":[{"href":"https:\/\/fourdata.io\/de\/wp-json\/wp\/v2\/types\/page"}],"author":[{"embeddable":true,"href":"https:\/\/fourdata.io\/de\/wp-json\/wp\/v2\/users\/4"}],"replies":[{"embeddable":true,"href":"https:\/\/fourdata.io\/de\/wp-json\/wp\/v2\/comments?post=8456"}],"version-history":[{"count":2,"href":"https:\/\/fourdata.io\/de\/wp-json\/wp\/v2\/pages\/8456\/revisions"}],"predecessor-version":[{"id":8459,"href":"https:\/\/fourdata.io\/de\/wp-json\/wp\/v2\/pages\/8456\/revisions\/8459"}],"wp:attachment":[{"href":"https:\/\/fourdata.io\/de\/wp-json\/wp\/v2\/media?parent=8456"}],"curies":[{"name":"wp","href":"https:\/\/api.w.org\/{rel}","templated":true}]}}