{"id":8384,"date":"2019-09-09T17:08:43","date_gmt":"2019-09-09T15:08:43","guid":{"rendered":"https:\/\/fourdata.io\/avisos-legales\/"},"modified":"2025-09-02T11:30:25","modified_gmt":"2025-09-02T09:30:25","slug":"avisos-legales","status":"publish","type":"page","link":"https:\/\/fourdata.io\/es\/avisos-legales\/","title":{"rendered":"Avisos legales"},"content":{"rendered":"<div class=\"fusion-fullwidth fullwidth-box fusion-builder-row-1 fusion-flex-container nonhundred-percent-fullwidth non-hundred-percent-height-scrolling ctnr-top-page\" style=\"--awb-border-radius-top-left:0px;--awb-border-radius-top-right:0px;--awb-border-radius-bottom-right:0px;--awb-border-radius-bottom-left:0px;--awb-flex-wrap:wrap;\" ><div class=\"fusion-builder-row fusion-row fusion-flex-align-items-flex-start fusion-flex-justify-content-center fusion-flex-content-wrap\" style=\"max-width:1277.12px;margin-left: calc(-4% \/ 2 );margin-right: calc(-4% \/ 2 );\"><div class=\"fusion-layout-column fusion_builder_column fusion-builder-column-0 fusion_builder_column_1_1 1_1 fusion-flex-column fusion-flex-align-self-flex-start fusion-column-no-min-height\" style=\"--awb-bg-size:cover;--awb-width-large:100%;--awb-margin-top-large:0px;--awb-spacing-right-large:1.92%;--awb-margin-bottom-large:0px;--awb-spacing-left-large:1.92%;--awb-width-medium:100%;--awb-order-medium:0;--awb-spacing-right-medium:1.92%;--awb-spacing-left-medium:1.92%;--awb-width-small:100%;--awb-order-small:0;--awb-spacing-right-small:1.92%;--awb-spacing-left-small:1.92%;\"><div class=\"fusion-column-wrapper fusion-column-has-shadow fusion-flex-justify-content-flex-start fusion-content-layout-column\"><div class=\"fusion-image-element \" style=\"text-align:center;--awb-caption-title-font-family:var(--h2_typography-font-family);--awb-caption-title-font-weight:var(--h2_typography-font-weight);--awb-caption-title-font-style:var(--h2_typography-font-style);--awb-caption-title-size:var(--h2_typography-font-size);--awb-caption-title-transform:var(--h2_typography-text-transform);--awb-caption-title-line-height:var(--h2_typography-line-height);--awb-caption-title-letter-spacing:var(--h2_typography-letter-spacing);\"><span class=\" fusion-imageframe imageframe-none imageframe-1 hover-type-none picto\"><img decoding=\"async\" width=\"250\" height=\"250\" title=\"legal\" src=\"https:\/\/fourdata.io\/wp-content\/uploads\/2022\/06\/legal.svg\" alt class=\"img-responsive wp-image-8302\"\/><\/span><\/div><div class=\"fusion-title title fusion-title-1 fusion-sep-none fusion-title-center fusion-title-text fusion-title-size-one\" style=\"--awb-margin-top-small:0px;--awb-margin-right-small:0px;--awb-margin-bottom-small:20px;--awb-margin-left-small:0px;\"><h1 class=\"fusion-title-heading title-heading-center\" style=\"margin:0;\">Informaci\u00f3n legal<\/h1><\/div><div class=\"fusion-text fusion-text-1\" style=\"--awb-text-transform:none;\"><h2>1. Presentaci\u00f3n del sitio:<\/h2>\n<p>De conformidad con las disposiciones de los art\u00edculos 6-III y 19 de la Ley n\u00b0 2004-575 de 21 de junio de 2004 para la Confianza en la Econom\u00eda Digital, conocida como L.C.E.N., ponemos en conocimiento de los usuarios y visitantes del sitio: fourdata.io la siguiente informaci\u00f3n:<br \/>\nInformaci\u00f3n legal :<br \/>\nNombre de la empresa : FOUR DATA<br \/>\nDirecci\u00f3n : 11 rue Paul TH\u00c9NARD, 21000 DIJON<br \/>\nSIRENA : 821 783 222<br \/>\nDirecci\u00f3n de correo electr\u00f3nico : contact@fourdata.io<\/p>\n<p>La persona responsable de la publicaci\u00f3n es: Sra. Capucine DUBREUILLE<\/p>\n<p>El creador del sitio es <a href=\"https:\/\/adesio.co\/\">la agencia web Adesio<\/a><br \/>\nEl Webmaster es: Adesio<br \/>\nContacta con el Webmaster : info@adesio.co<br \/>\nEl anfitri\u00f3n del sitio es : Kinsta<\/p>\n<h2>2. Descripci\u00f3n de los servicios prestados :<\/h2>\n<p>El objetivo del sitio web <strong>fourdata.io<\/strong> es proporcionar informaci\u00f3n sobre todas las actividades de la empresa.<br \/>\nEl propietario del sitio hace todo lo posible para proporcionar informaci\u00f3n en el sitio<strong> fourdata.io<\/strong> que sea lo m\u00e1s precisa posible. Sin embargo, no se hace responsable de las omisiones, inexactitudes y lagunas en la actualizaci\u00f3n, ya sean de su propia cosecha o de la de terceros socios que le proporcionen esta informaci\u00f3n.<br \/>\nToda la informaci\u00f3n proporcionada en el sitio web exemple.com se ofrece a t\u00edtulo indicativo, no es exhaustiva y puede cambiar. Se da a condici\u00f3n de que se hayan hecho modificaciones desde que se puso en l\u00ednea.<\/p>\n<h2>3. Propiedad intelectual y falsificaci\u00f3n:<\/h2>\n<p>El propietario del sitio es el titular de los derechos de propiedad intelectual o tiene los derechos de uso sobre todos los elementos accesibles en el sitio, en particular los textos, im\u00e1genes, gr\u00e1ficos, logotipo, iconos, sonidos, software&#8230;<br \/>\nToda reproducci\u00f3n, representaci\u00f3n, modificaci\u00f3n, publicaci\u00f3n, adaptaci\u00f3n total o parcial de los elementos del sitio, cualesquiera que sean los medios o el procedimiento utilizado, est\u00e1 prohibida, salvo autorizaci\u00f3n previa por escrito al correo electr\u00f3nico: <strong>contact@fourdata.io<\/strong><br \/>\nToda utilizaci\u00f3n no autorizada del sitio o de cualquiera de los elementos que contiene se considerar\u00e1 constitutiva de infracci\u00f3n y ser\u00e1 perseguida de conformidad con las disposiciones de los art\u00edculos L.335-2 y siguientes. del C\u00f3digo de la Propiedad Intelectual.<\/p>\n<h2>4. Hiperv\u00ednculos y cookies:<\/h2>\n<p>El sitio web fourdata.io contiene un cierto n\u00famero de hiperv\u00ednculos a otros sitios web (socios, informaci\u00f3n&#8230;) establecidos con la autorizaci\u00f3n del propietario del sitio web. Sin embargo, el propietario del sitio no tiene la posibilidad de comprobar el contenido de los sitios as\u00ed visitados y, por tanto, declina toda responsabilidad por los posibles riesgos de contenidos il\u00edcitos.<br \/>\nSe informa al usuario de que, durante sus visitas al sitio fourdata.io, pueden instalarse autom\u00e1ticamente una o varias cookies en su ordenador. Una cookie es un peque\u00f1o archivo que no permite la identificaci\u00f3n del usuario, pero que registra informaci\u00f3n relativa a la navegaci\u00f3n de un ordenador en un sitio. Los datos as\u00ed obtenidos tienen por objeto facilitar la navegaci\u00f3n posterior en el sitio, as\u00ed como permitir diversas medidas de frecuentaci\u00f3n.<br \/>\nLa parametrizaci\u00f3n del programa de navegaci\u00f3n te permite informar de la presencia de una cookie y eventualmente rechazarla en la forma descrita en la siguiente direcci\u00f3n: www.cnil.fr<br \/>\nEl rechazo de la instalaci\u00f3n de una cookie puede hacer imposible el acceso a determinados servicios. Sin embargo, el usuario puede configurar su ordenador de la siguiente manera para rechazar la instalaci\u00f3n de cookies.<\/p>\n<h2>5. Protecci\u00f3n de bienes y personas: gesti\u00f3n de datos personales:<\/h2>\n<p>Usuario: usuario de Internet que se conecta, utilizando el sitio mencionado anteriormente: fourdata.io<br \/>\nEn Francia, los datos personales est\u00e1n especialmente protegidos por la ley n\u00b0 78-87 del 6 de enero de 1978, la ley n\u00b0 2004-801 del 6 de agosto de 2004, el art\u00edculo L. 226-13 del C\u00f3digo Penal y la Directiva Europea del 24 de octubre de 1995.<br \/>\nEn el sitio web fourdata.io, el propietario del sitio web recoge informaci\u00f3n personal sobre el usuario \u00fanicamente para la necesidad de determinados servicios ofrecidos por el sitio web fourdata.io. El usuario proporciona esta informaci\u00f3n con pleno conocimiento de causa, en particular cuando procede por s\u00ed mismo a su introducci\u00f3n. A continuaci\u00f3n, se especifica al usuario del sitio <strong>fourdata.<\/strong> io la obligaci\u00f3n o no de proporcionar esta informaci\u00f3n.<br \/>\nDe conformidad con las disposiciones de los art\u00edculos 38 y siguientes de la ley 78-17 de 6 de enero de 1978 relativa a la inform\u00e1tica, a los ficheros y a las libertades, todo usuario dispone de un derecho de acceso, de rectificaci\u00f3n, de supresi\u00f3n y de oposici\u00f3n a los datos personales que le conciernen. Para ejercer este derecho, env\u00ede su solicitud a <strong>fourdata.io<\/strong> por correo electr\u00f3nico o realizando una solicitud escrita y firmada, acompa\u00f1ada de una copia del documento de identidad con la firma del titular del documento, especificando la direcci\u00f3n a la que debe enviarse la respuesta.<br \/>\nNinguna informaci\u00f3n personal del usuario del sitio <strong>fourdata.io<\/strong> se publica sin el conocimiento del usuario, se intercambia, transfiere, cede o vende en ning\u00fan soporte a terceros. S\u00f3lo la hip\u00f3tesis de la recompra del sitio fourdata. <strong>io<\/strong> al propietario del sitio y de sus derechos permitir\u00eda la transmisi\u00f3n de dicha informaci\u00f3n al posible comprador que estar\u00eda a su vez sujeto a la misma obligaci\u00f3n de conservaci\u00f3n y modificaci\u00f3n de los datos con respecto al usuario del sitio fourdata.io.  <\/p>\n<\/div><\/div><\/div><\/div><\/div>\n","protected":false},"excerpt":{"rendered":"","protected":false},"author":1,"featured_media":0,"parent":0,"menu_order":0,"comment_status":"closed","ping_status":"closed","template":"100-width.php","meta":{"footnotes":""},"class_list":["post-8384","page","type-page","status-publish","hentry"],"_links":{"self":[{"href":"https:\/\/fourdata.io\/es\/wp-json\/wp\/v2\/pages\/8384","targetHints":{"allow":["GET"]}}],"collection":[{"href":"https:\/\/fourdata.io\/es\/wp-json\/wp\/v2\/pages"}],"about":[{"href":"https:\/\/fourdata.io\/es\/wp-json\/wp\/v2\/types\/page"}],"author":[{"embeddable":true,"href":"https:\/\/fourdata.io\/es\/wp-json\/wp\/v2\/users\/1"}],"replies":[{"embeddable":true,"href":"https:\/\/fourdata.io\/es\/wp-json\/wp\/v2\/comments?post=8384"}],"version-history":[{"count":5,"href":"https:\/\/fourdata.io\/es\/wp-json\/wp\/v2\/pages\/8384\/revisions"}],"predecessor-version":[{"id":17664,"href":"https:\/\/fourdata.io\/es\/wp-json\/wp\/v2\/pages\/8384\/revisions\/17664"}],"wp:attachment":[{"href":"https:\/\/fourdata.io\/es\/wp-json\/wp\/v2\/media?parent=8384"}],"curies":[{"name":"wp","href":"https:\/\/api.w.org\/{rel}","templated":true}]}}