{"id":8392,"date":"2019-09-09T17:06:01","date_gmt":"2019-09-09T15:06:01","guid":{"rendered":"https:\/\/fourdata.io\/privacidad\/"},"modified":"2025-11-07T17:58:44","modified_gmt":"2025-11-07T16:58:44","slug":"privacidad","status":"publish","type":"page","link":"https:\/\/fourdata.io\/es\/privacidad\/","title":{"rendered":"Privacidad"},"content":{"rendered":"<div class=\"fusion-fullwidth fullwidth-box fusion-builder-row-1 fusion-flex-container nonhundred-percent-fullwidth non-hundred-percent-height-scrolling ctnr-top-page\" style=\"--awb-border-radius-top-left:0px;--awb-border-radius-top-right:0px;--awb-border-radius-bottom-right:0px;--awb-border-radius-bottom-left:0px;--awb-flex-wrap:wrap;\" ><div class=\"fusion-builder-row fusion-row fusion-flex-align-items-flex-start fusion-flex-justify-content-center fusion-flex-content-wrap\" style=\"max-width:1277.12px;margin-left: calc(-4% \/ 2 );margin-right: calc(-4% \/ 2 );\"><div class=\"fusion-layout-column fusion_builder_column fusion-builder-column-0 fusion_builder_column_1_1 1_1 fusion-flex-column\" style=\"--awb-bg-size:cover;--awb-width-large:100%;--awb-margin-top-large:0px;--awb-spacing-right-large:1.92%;--awb-margin-bottom-large:0px;--awb-spacing-left-large:1.92%;--awb-width-medium:100%;--awb-spacing-right-medium:1.92%;--awb-spacing-left-medium:1.92%;--awb-width-small:100%;--awb-spacing-right-small:1.92%;--awb-spacing-left-small:1.92%;\"><div class=\"fusion-column-wrapper fusion-column-has-shadow fusion-flex-justify-content-center fusion-content-layout-column\"><div class=\"fusion-title title fusion-title-1 fusion-sep-none fusion-title-text fusion-title-size-one\" style=\"--awb-margin-top-small:0px;--awb-margin-right-small:0px;--awb-margin-bottom-small:20px;--awb-margin-left-small:0px;\"><h1 class=\"fusion-title-heading title-heading-left\" style=\"margin:0;\"><h1 style=\"text-align: center;\"><span style=\"color: #1ba1dc;\">CONDICIONES GENERALES DE USO<\/span><\/h1><\/h1><\/div><div class=\"fusion-text fusion-text-1\" style=\"--awb-content-alignment:justify;--awb-text-transform:none;\"><h2 data-start=\"131\" data-end=\"158\"><strong data-start=\"131\" data-end=\"158\">SOFTWARE Y ALOJAMIENTO DE DATOS<\/strong><\/h2>\n<h3 data-start=\"160\" data-end=\"174\">Pre\u00e1mbulo<\/h3>\n<p data-start=\"175\" data-end=\"754\">FOUR DATA hace referencia a la empresa SAS FOUR DATA (\u00abel proveedor\u00bb), con un capital social de 519.750,00 euros, con sede en 11 Rue Paul Th\u00e9nard, 21000 Dijon, Francia, inscrita en el Registro Mercantil y de Sociedades de Dijon con el n\u00famero 821 783 222 00044.<br data-start=\"421\" data-end=\"424\">La empresa ofrece a sus clientes una soluci\u00f3n de software en l\u00ednea (SaaS) para gestionar, supervisar y analizar los sensores conectados utilizados para realizar un seguimiento de los niveles de l\u00edquidos, s\u00f3lidos y gases, as\u00ed como los datos de diversos equipos. Este seguimiento se realiza a trav\u00e9s de las plataformas DESK y SENS (en adelante, \u00ablas Soluciones\u00bb). <\/p>\n<p data-start=\"756\" data-end=\"874\">Al acceder o utilizar las Soluciones, el Cliente y sus Usuarios aceptan incondicionalmente las presentes Condiciones Generales de Uso (CGU).<\/p>\n<h2 data-start=\"881\" data-end=\"908\">Art\u00edculo 1. Definiciones Definiciones <\/h2>\n<ul data-start=\"910\" data-end=\"2542\">\n<li data-start=\"910\" data-end=\"1207\">\n<p data-start=\"912\" data-end=\"1020\"><strong data-start=\"912\" data-end=\"926\">Anomal\u00edas:<\/strong> Problemas operativos de la aplicaci\u00f3n que son repetitivos y reproducibles, clasificados como:<\/p>\n<ul data-start=\"1023\" data-end=\"1207\">\n<li data-start=\"1023\" data-end=\"1079\">\n<p data-start=\"1025\" data-end=\"1079\"><em data-start=\"1025\" data-end=\"1044\">Anomal\u00eda de bloqueo:<\/em> impide el uso de la aplicaci\u00f3n.<\/p>\n<\/li>\n<li data-start=\"1082\" data-end=\"1149\">\n<p data-start=\"1084\" data-end=\"1149\"><em data-start=\"1084\" data-end=\"1108\">Anomal\u00eda de semibloqueo:<\/em> permite el uso parcial de la aplicaci\u00f3n.<\/p>\n<\/li>\n<li data-start=\"1152\" data-end=\"1207\">\n<p data-start=\"1154\" data-end=\"1207\"><em data-start=\"1154\" data-end=\"1170\">Anomal\u00eda menor:<\/em> permite el uso completo con una soluci\u00f3n.<\/p>\n<\/li>\n<\/ul>\n<\/li>\n<li data-start=\"1209\" data-end=\"1279\">\n<p data-start=\"1211\" data-end=\"1279\"><strong data-start=\"1211\" data-end=\"1229\">Suscripciones:<\/strong> Servicio de pago que proporciona acceso a las Soluciones.<\/p>\n<\/li>\n<li data-start=\"1281\" data-end=\"1450\">\n<p data-start=\"1283\" data-end=\"1450\"><strong data-start=\"1283\" data-end=\"1294\">Cliente:<\/strong> Cualquier persona f\u00edsica o jur\u00eddica que haya celebrado un contrato con FOUR DATA, ya sea mediante la compra de sensores y\/o la suscripci\u00f3n a una o varias Soluciones.<\/p>\n<\/li>\n<li data-start=\"1452\" data-end=\"1549\">\n<p data-start=\"1454\" data-end=\"1549\"><strong data-start=\"1454\" data-end=\"1479\">Desarrollo Espec\u00edfico:<\/strong> Software a medida creado exclusivamente para el Cliente por el Proveedor.<\/p>\n<\/li>\n<li data-start=\"1551\" data-end=\"1647\">\n<p data-start=\"1553\" data-end=\"1647\"><strong data-start=\"1553\" data-end=\"1571\">Documentaci\u00f3n:<\/strong> Documentos en papel o digitales relacionados con el uso del software, independientemente de su formato.<\/p>\n<\/li>\n<li data-start=\"1649\" data-end=\"1723\">\n<p data-start=\"1651\" data-end=\"1723\"><strong data-start=\"1651\" data-end=\"1660\">Usuario:<\/strong> Cualquier persona autorizada por el Cliente para acceder a las Soluciones.<\/p>\n<\/li>\n<li data-start=\"1725\" data-end=\"1851\">\n<p data-start=\"1727\" data-end=\"1851\"><strong data-start=\"1727\" data-end=\"1745\">Administrador:<\/strong> La persona responsable de gestionar la Soluci\u00f3n, incluidos los datos, la seguridad, el funcionamiento y el acceso de los usuarios.<\/p>\n<\/li>\n<li data-start=\"1853\" data-end=\"1950\">\n<p data-start=\"1855\" data-end=\"1950\"><strong data-start=\"1855\" data-end=\"1871\">Identificadores:<\/strong> Combinaci\u00f3n de un nombre de usuario y una contrase\u00f1a que permite el acceso seguro a las Soluciones.<\/p>\n<\/li>\n<li data-start=\"1952\" data-end=\"2089\">\n<p data-start=\"1954\" data-end=\"2089\"><strong data-start=\"1954\" data-end=\"1981\">Soluciones o Plataformas:<\/strong> Las plataformas web DESK y SENS para gestionar y visualizar los datos de los sensores conectados de FOUR DATA.<\/p>\n<\/li>\n<li data-start=\"2091\" data-end=\"2195\">\n<p data-start=\"2093\" data-end=\"2195\"><strong data-start=\"2093\" data-end=\"2109\">Mantenimiento:<\/strong> Operaciones que garantizan el correcto funcionamiento, las actualizaciones y la disponibilidad de las aplicaciones.<\/p>\n<\/li>\n<li data-start=\"2197\" data-end=\"2304\">\n<p data-start=\"2199\" data-end=\"2304\"><strong data-start=\"2199\" data-end=\"2215\">Estaci\u00f3n de trabajo:<\/strong> Cualquier dispositivo (ordenador, tableta, smartphone, etc.) utilizado por un Usuario para acceder a la Soluci\u00f3n.<\/p>\n<\/li>\n<li data-start=\"2306\" data-end=\"2370\">\n<p data-start=\"2308\" data-end=\"2370\"><strong data-start=\"2308\" data-end=\"2320\">Sensores:<\/strong> Dispositivos de hardware que recogen datos de medici\u00f3n.<\/p>\n<\/li>\n<li data-start=\"2372\" data-end=\"2459\">\n<p data-start=\"2374\" data-end=\"2459\"><strong data-start=\"2374\" data-end=\"2383\">Datos:<\/strong> Toda la informaci\u00f3n recogida, transmitida y almacenada a trav\u00e9s de las Soluciones.<\/p>\n<\/li>\n<li data-start=\"2461\" data-end=\"2542\">\n<p data-start=\"2463\" data-end=\"2542\"><strong data-start=\"2463\" data-end=\"2480\">Servicio SaaS:<\/strong> Servicio de software online alojado y mantenido por FOUR DATA.<\/p>\n<\/li>\n<\/ul>\n<h2 data-start=\"2549\" data-end=\"2572\">Art\u00edculo 2. Objeto Objeto <\/h2>\n<p data-start=\"2573\" data-end=\"2710\">Estas CGU definen los t\u00e9rminos y condiciones bajo los cuales FOUR DATA proporciona acceso a las Soluciones DESK y SENS en modo SaaS, incluyendo:<\/p>\n<ul data-start=\"2711\" data-end=\"2932\">\n<li data-start=\"2711\" data-end=\"2759\">\n<p data-start=\"2713\" data-end=\"2759\">Acceso en l\u00ednea a las funcionalidades de SENS &amp; DESK<\/p>\n<\/li>\n<li data-start=\"2760\" data-end=\"2798\">\n<p data-start=\"2762\" data-end=\"2798\">Derechos de uso y modificaci\u00f3n de datos<\/p>\n<\/li>\n<li data-start=\"2799\" data-end=\"2837\">\n<p data-start=\"2801\" data-end=\"2837\">Alojamiento, copia de seguridad y protecci\u00f3n de datos<\/p>\n<\/li>\n<li data-start=\"2838\" data-end=\"2875\">\n<p data-start=\"2840\" data-end=\"2875\">Mantenimiento y asistencia t\u00e9cnica<\/p>\n<\/li>\n<li data-start=\"2876\" data-end=\"2932\">\n<p data-start=\"2878\" data-end=\"2932\">Cumplimiento de las normas de confidencialidad y GDPR<\/p>\n<\/li>\n<\/ul>\n<h2 data-start=\"2939\" data-end=\"2970\">Art\u00edculo 3. Acceso a la plataforma <\/h2>\n<p data-start=\"2971\" data-end=\"3157\">El acceso se realiza a trav\u00e9s de Internet utilizando un navegador web actualizado (Chrome, Edge, Firefox o Safari).<br data-start=\"3065\" data-end=\"3068\">El Cliente es responsable de la compatibilidad de sus dispositivos y de su conexi\u00f3n a Internet.<\/p>\n<p data-start=\"3159\" data-end=\"3349\">El acceso est\u00e1 disponible 24 horas al d\u00eda, 7 d\u00edas a la semana, excepto durante el mantenimiento programado, para el cual FOUR DATA notificar\u00e1 al Cliente con al menos 48 horas de antelaci\u00f3n por correo electr\u00f3nico o mediante un banner en la interfaz DESK &amp; SENS.<\/p>\n<p data-start=\"3351\" data-end=\"3547\">Los identificadores son personales y confidenciales. El Cliente es responsable de su uso y seguridad. Las contrase\u00f1as deben contener letras may\u00fasculas y min\u00fasculas, n\u00fameros y al menos un signo de puntuaci\u00f3n.  <\/p>\n<h2 data-start=\"3554\" data-end=\"3584\">Art\u00edculo 4. Licencia de uso <\/h2>\n<p data-start=\"3585\" data-end=\"3716\">FOUR DATA concede al Cliente un derecho no exclusivo, personal e intransferible para utilizar las Soluciones durante la duraci\u00f3n del contrato.<\/p>\n<p data-start=\"3718\" data-end=\"3919\">Queda estrictamente prohibida la reproducci\u00f3n, modificaci\u00f3n, distribuci\u00f3n o ingenier\u00eda inversa de las Soluciones. Las Soluciones, su c\u00f3digo fuente y documentaci\u00f3n son propiedad exclusiva de FOUR DATA. <\/p>\n<h2 data-start=\"3926\" data-end=\"3967\">Art\u00edculo 5. Alojamiento y seguridad de los datos <\/h2>\n<p data-start=\"3968\" data-end=\"4128\">Los datos recogidos a trav\u00e9s de los sensores y las plataformas DESK\/SENS se alojan exclusivamente en Europa (Francia y Alemania), en centros de datos certificados y protegidos por la norma ISO 27001.<\/p>\n<p data-start=\"4130\" data-end=\"4153\">CUATRO GARANT\u00cdAS DE DATOS:<\/p>\n<ul data-start=\"4154\" data-end=\"4335\">\n<li data-start=\"4154\" data-end=\"4207\">\n<p data-start=\"4156\" data-end=\"4207\">Confidencialidad, integridad y disponibilidad de los datos<\/p>\n<\/li>\n<li data-start=\"4208\" data-end=\"4225\">\n<p data-start=\"4210\" data-end=\"4225\">Copias de seguridad diarias<\/p>\n<\/li>\n<li data-start=\"4226\" data-end=\"4277\">\n<p data-start=\"4228\" data-end=\"4277\">Alto tiempo de actividad del servidor y seguridad est\u00e1ndar del mercado<\/p>\n<\/li>\n<li data-start=\"4278\" data-end=\"4335\">\n<p data-start=\"4280\" data-end=\"4335\">No vender, alquilar o transferir datos a terceros<\/p>\n<\/li>\n<\/ul>\n<p data-start=\"4337\" data-end=\"4486\">Los datos se archivan durante 5 a\u00f1os y despu\u00e9s se eliminan de forma segura.<br data-start=\"4398\" data-end=\"4401\">S\u00f3lo se almacenan los valores de los sensores y la informaci\u00f3n de configuraci\u00f3n (nombre, correo electr\u00f3nico, direcci\u00f3n del equipo).<\/p>\n<h2 data-start=\"4493\" data-end=\"4523\">Art\u00edculo 6. Propiedad de los datos Propiedad de los datos <\/h2>\n<p data-start=\"4524\" data-end=\"4710\">El Cliente conserva la plena propiedad de todos los datos recogidos y procesados a trav\u00e9s de las Soluciones.<br data-start=\"4612\" data-end=\"4615\">FOUR DATA act\u00faa \u00fanicamente como procesador de datos en virtud del GDPR y utiliza los datos s\u00f3lo para la prestaci\u00f3n del servicio.<\/p>\n<p data-start=\"4712\" data-end=\"4844\">El Administrador puede eliminar los datos en cualquier momento.<br data-start=\"4758\" data-end=\"4761\">El Cliente no adquiere ning\u00fan derecho de propiedad sobre las Soluciones ni sobre la propiedad intelectual.<\/p>\n<h2 data-start=\"4851\" data-end=\"4891\">Art\u00edculo 7. Protecci\u00f3n de datos personales <\/h2>\n<p data-start=\"4892\" data-end=\"4972\">Ambas partes cumplen el GDPR (Reglamento UE 2016\/679).<br data-start=\"4947\" data-end=\"4950\">FOUR DATA se compromete a:<\/p>\n<ul data-start=\"4973\" data-end=\"5267\">\n<li data-start=\"4973\" data-end=\"5016\">\n<p data-start=\"4975\" data-end=\"5016\">Tratar los datos s\u00f3lo para la prestaci\u00f3n de servicios<\/p>\n<\/li>\n<li data-start=\"5017\" data-end=\"5060\">\n<p data-start=\"5019\" data-end=\"5060\">Restringir el acceso al personal autorizado<\/p>\n<\/li>\n<li data-start=\"5061\" data-end=\"5117\">\n<p data-start=\"5063\" data-end=\"5117\">Notificar al Cliente en un plazo de 48 horas cualquier violaci\u00f3n de datos<\/p>\n<\/li>\n<li data-start=\"5118\" data-end=\"5191\">\n<p data-start=\"5120\" data-end=\"5191\">Eliminar permanentemente los datos al finalizar el servicio, salvo que lo exija la ley<\/p>\n<\/li>\n<li data-start=\"5192\" data-end=\"5267\">\n<p data-start=\"5194\" data-end=\"5267\">Mantener registros de tratamiento y nombrar a un Responsable de Protecci\u00f3n de Datos (RPD)<\/p>\n<\/li>\n<\/ul>\n<p data-start=\"5269\" data-end=\"5331\"><strong data-start=\"5269\" data-end=\"5285\">Contacto DPO:<\/strong><br data-start=\"5285\" data-end=\"5288\">Sr. Fran\u00e7ois du Garreau &#8211; <a class=\"decorated-link cursor-pointer\" rel=\"noopener\" data-start=\"5314\" data-end=\"5329\">dpo@fourdata.io<\/a><\/p>\n<h2 data-start=\"5338\" data-end=\"5377\">Art\u00edculo 8. Mantenimiento y asistencia <\/h2>\n<p data-start=\"5378\" data-end=\"5521\">FOUR DATA proporciona mantenimiento correctivo y evolutivo y soporte t\u00e9cnico de lunes a viernes, de 9 a 18 h (excepto festivos).<\/p>\n<p data-start=\"5523\" data-end=\"5657\">Las anomal\u00edas pueden comunicarse por correo electr\u00f3nico o por tel\u00e9fono. Los problemas cr\u00edticos se diagnostican en un plazo de 6 horas laborables y se corrigen o mitigan r\u00e1pidamente. <\/p>\n<h2 data-start=\"5664\" data-end=\"5695\">Art\u00edculo 9. Confidencialidad Confidencialidad <\/h2>\n<p data-start=\"5696\" data-end=\"5859\">Ambas partes se comprometen a mantener estrictamente confidencial toda la informaci\u00f3n intercambiada (t\u00e9cnica, comercial o relacionada con los datos) durante la vigencia del contrato y 3 a\u00f1os despu\u00e9s.<\/p>\n<h2 data-start=\"5866\" data-end=\"5891\">Art\u00edculo 10. Formaci\u00f3n <\/h2>\n<p data-start=\"5892\" data-end=\"6067\">Previa solicitud, FOUR DATA puede proporcionar servicios de formaci\u00f3n en las condiciones y precios que se acuerden mutuamente.<br data-start=\"5986\" data-end=\"5989\">La formaci\u00f3n puede facturarse si surgen problemas repetidos de los usuarios al margen de la gesti\u00f3n de anomal\u00edas.<\/p>\n<h2 data-start=\"6074\" data-end=\"6114\">Art\u00edculo 11. Limitaci\u00f3n de responsabilidad <\/h2>\n<p data-start=\"6115\" data-end=\"6145\">FOUR DATA no se hace responsable de:<\/p>\n<ul data-start=\"6146\" data-end=\"6284\">\n<li data-start=\"6146\" data-end=\"6178\">\n<p data-start=\"6148\" data-end=\"6178\">Fallos de Internet o de la red<\/p>\n<\/li>\n<li data-start=\"6179\" data-end=\"6212\">\n<p data-start=\"6181\" data-end=\"6212\">Uso inadecuado de las Soluciones<\/p>\n<\/li>\n<li data-start=\"6213\" data-end=\"6284\">\n<p data-start=\"6215\" data-end=\"6284\">Fuerza mayor (tal como se define en el art\u00edculo 1218 del C\u00f3digo Civil franc\u00e9s)<\/p>\n<\/li>\n<\/ul>\n<p data-start=\"6286\" data-end=\"6373\">La responsabilidad se limita al total de las cuotas abonadas durante los 3 meses anteriores al siniestro.<\/p>\n<h2 data-start=\"6380\" data-end=\"6417\">Art\u00edculo 12. Condiciones financieras <\/h2>\n<h3 data-start=\"6419\" data-end=\"6452\">12.1 Suscripciones y cuotas<\/h3>\n<p data-start=\"6453\" data-end=\"6586\">Los clientes pagan una cuota mensual o anual, seg\u00fan se defina en las condiciones espec\u00edficas.<br data-start=\"6518\" data-end=\"6521\">Las tarifas est\u00e1n sujetas a revisi\u00f3n anual en funci\u00f3n del \u00edndice Syntec.<\/p>\n<p data-start=\"6588\" data-end=\"6638\">Los servicios excluidos y facturados por separado incluyen:<\/p>\n<ul data-start=\"6639\" data-end=\"6761\">\n<li data-start=\"6639\" data-end=\"6651\">\n<p data-start=\"6641\" data-end=\"6651\">Formaci\u00f3n<\/p>\n<\/li>\n<li data-start=\"6652\" data-end=\"6676\">\n<p data-start=\"6654\" data-end=\"6676\">Asistencia t\u00e9cnica<\/p>\n<\/li>\n<li data-start=\"6677\" data-end=\"6699\">\n<p data-start=\"6679\" data-end=\"6699\">Despliegue in situ<\/p>\n<\/li>\n<li data-start=\"6700\" data-end=\"6722\">\n<p data-start=\"6702\" data-end=\"6722\">Desarrollo a medida<\/p>\n<\/li>\n<li data-start=\"6723\" data-end=\"6761\">\n<p data-start=\"6725\" data-end=\"6761\">Cualquier servicio fuera de la oferta SaaS<\/p>\n<\/li>\n<\/ul>\n<h3 data-start=\"6763\" data-end=\"6787\">12.2 Condiciones de pago<\/h3>\n<p data-start=\"6788\" data-end=\"6967\">Las facturas se emiten mensual o anualmente y se pagan en un plazo de 30 d\u00edas o el d\u00eda 1 de cada mes mediante domiciliaci\u00f3n SEPA.<br data-start=\"6905\" data-end=\"6908\">Se a\u00f1adir\u00e1 el IVA aplicable en funci\u00f3n del pa\u00eds del Cliente.<\/p>\n<h2 data-start=\"6974\" data-end=\"7015\">Art\u00edculo 13. Duraci\u00f3n Duraci\u00f3n y terminaci\u00f3n <\/h2>\n<p data-start=\"7016\" data-end=\"7158\">La duraci\u00f3n del contrato se define en las condiciones espec\u00edficas y se renueva autom\u00e1ticamente a menos que se rescinda por correo certificado 3 meses antes de su vencimiento.<\/p>\n<p data-start=\"7160\" data-end=\"7368\">En caso de incumplimiento grave, la rescisi\u00f3n puede producirse 30 d\u00edas despu\u00e9s de la notificaci\u00f3n formal sin efecto.<br data-start=\"7252\" data-end=\"7255\">Tras la rescisi\u00f3n, FOUR DATA devolver\u00e1 todos los datos (CSV, JSON, etc.) en un plazo de 45 d\u00edas y despu\u00e9s los borrar\u00e1 definitivamente.<\/p>\n<h2 data-start=\"7375\" data-end=\"7409\">Art\u00edculo 14. Garant\u00eda de t\u00edtulo <\/h2>\n<p data-start=\"7410\" data-end=\"7508\">FOUR DATA garantiza que las Soluciones son obras originales y no infringen derechos de terceros.<\/p>\n<h2 data-start=\"7515\" data-end=\"7548\">Art\u00edculo 15. No captaci\u00f3n <\/h2>\n<p data-start=\"7549\" data-end=\"7695\">El Cliente se compromete a no contratar ni solicitar a ning\u00fan empleado de FOUR DATA durante el contrato y durante los 12 meses siguientes a su finalizaci\u00f3n, salvo autorizaci\u00f3n por escrito.<\/p>\n<h2 data-start=\"7702\" data-end=\"7749\">Art\u00edculo 16. Ley aplicable y jurisdicci\u00f3n <\/h2>\n<p data-start=\"7750\" data-end=\"7890\">Las presentes CGU se rigen por la legislaci\u00f3n francesa.<br data-start=\"7787\" data-end=\"7790\">Cualquier litigio ser\u00e1 competencia exclusiva del <strong data-start=\"7854\" data-end=\"7890\">Tribunal de Comercio de Dijon (Francia).<\/strong><\/p>\n<h2 data-start=\"7897\" data-end=\"7921\">Art\u00edculo 17. Contacte con<\/h2>\n<p data-start=\"7922\" data-end=\"8088\">Para cualquier cuesti\u00f3n relativa a las presentes CGU o al tratamiento de datos:<br data-start=\"7979\" data-end=\"7982\"><strong data-start=\"7982\" data-end=\"7995\">CUATRO DATOS<\/strong><br data-start=\"7995\" data-end=\"7998\">11 Rue Paul Th\u00e9nard, 21000 Dijon<br data-start=\"8030\" data-end=\"8033\">Correo electr\u00f3nico: <a class=\"decorated-link cursor-pointer\" rel=\"noopener\" data-start=\"8040\" data-end=\"8059\">contact@fourdata.io<\/a><br data-start=\"8059\" data-end=\"8062\">P\u00e1gina web: <a class=\"decorated-link\" href=\"http:\/\/www.fourdata.io\" target=\"_new\" rel=\"noopener\" data-start=\"8071\" data-end=\"8086\">www.fourdata.io<\/a><\/p>\n<p data-start=\"8090\" data-end=\"8115\"><strong data-start=\"8090\" data-end=\"8113\">Dijon, 1 de junio de 2025<\/strong><\/p>\n<p data-start=\"8117\" data-end=\"8128\"><strong data-start=\"8117\" data-end=\"8128\">El RPD<\/strong><\/p>\n<\/div><\/div><\/div><\/div><\/div>\n","protected":false},"excerpt":{"rendered":"","protected":false},"author":1,"featured_media":0,"parent":0,"menu_order":0,"comment_status":"closed","ping_status":"closed","template":"100-width.php","meta":{"footnotes":""},"class_list":["post-8392","page","type-page","status-publish","hentry"],"_links":{"self":[{"href":"https:\/\/fourdata.io\/es\/wp-json\/wp\/v2\/pages\/8392","targetHints":{"allow":["GET"]}}],"collection":[{"href":"https:\/\/fourdata.io\/es\/wp-json\/wp\/v2\/pages"}],"about":[{"href":"https:\/\/fourdata.io\/es\/wp-json\/wp\/v2\/types\/page"}],"author":[{"embeddable":true,"href":"https:\/\/fourdata.io\/es\/wp-json\/wp\/v2\/users\/1"}],"replies":[{"embeddable":true,"href":"https:\/\/fourdata.io\/es\/wp-json\/wp\/v2\/comments?post=8392"}],"version-history":[{"count":5,"href":"https:\/\/fourdata.io\/es\/wp-json\/wp\/v2\/pages\/8392\/revisions"}],"predecessor-version":[{"id":19869,"href":"https:\/\/fourdata.io\/es\/wp-json\/wp\/v2\/pages\/8392\/revisions\/19869"}],"wp:attachment":[{"href":"https:\/\/fourdata.io\/es\/wp-json\/wp\/v2\/media?parent=8392"}],"curies":[{"name":"wp","href":"https:\/\/api.w.org\/{rel}","templated":true}]}}