{"id":8464,"date":"2022-04-21T08:07:12","date_gmt":"2022-04-21T06:07:12","guid":{"rendered":"https:\/\/fourdata.io\/nos-engagements\/"},"modified":"2022-10-17T09:42:25","modified_gmt":"2022-10-17T07:42:25","slug":"nos-engagements","status":"publish","type":"page","link":"https:\/\/fourdata.io\/fr\/nos-engagements\/","title":{"rendered":"Nos engagements"},"content":{"rendered":"<p><div class=\"fusion-fullwidth fullwidth-box fusion-builder-row-1 fusion-flex-container nonhundred-percent-fullwidth non-hundred-percent-height-scrolling ctnr-top-page\" style=\"--awb-border-radius-top-left:0px;--awb-border-radius-top-right:0px;--awb-border-radius-bottom-right:0px;--awb-border-radius-bottom-left:0px;--awb-flex-wrap:wrap;\" ><div class=\"fusion-builder-row fusion-row fusion-flex-align-items-flex-start fusion-flex-content-wrap\" style=\"max-width:1277.12px;margin-left: calc(-4% \/ 2 );margin-right: calc(-4% \/ 2 );\"><div class=\"fusion-layout-column fusion_builder_column fusion-builder-column-0 fusion_builder_column_1_1 1_1 fusion-flex-column\" style=\"--awb-bg-size:cover;--awb-width-large:100%;--awb-margin-top-large:0px;--awb-spacing-right-large:1.92%;--awb-margin-bottom-large:0px;--awb-spacing-left-large:1.92%;--awb-width-medium:100%;--awb-order-medium:0;--awb-spacing-right-medium:1.92%;--awb-spacing-left-medium:1.92%;--awb-width-small:100%;--awb-order-small:0;--awb-spacing-right-small:1.92%;--awb-spacing-left-small:1.92%;\"><div class=\"fusion-column-wrapper fusion-column-has-shadow fusion-flex-justify-content-flex-start fusion-content-layout-column\"><div class=\"fusion-image-element \" style=\"text-align:center;--awb-caption-title-font-family:var(--h2_typography-font-family);--awb-caption-title-font-weight:var(--h2_typography-font-weight);--awb-caption-title-font-style:var(--h2_typography-font-style);--awb-caption-title-size:var(--h2_typography-font-size);--awb-caption-title-transform:var(--h2_typography-text-transform);--awb-caption-title-line-height:var(--h2_typography-line-height);--awb-caption-title-letter-spacing:var(--h2_typography-letter-spacing);\"><span class=\" fusion-imageframe imageframe-none imageframe-1 hover-type-none picto\"><img decoding=\"async\" width=\"250\" height=\"250\" title=\"picto-engagements\" src=\"https:\/\/fourdata.io\/wp-content\/uploads\/2022\/05\/picto-engagements.svg\" alt class=\"img-responsive wp-image-7684\"\/><\/span><\/div><div class=\"fusion-title title fusion-title-1 fusion-sep-none fusion-title-center fusion-title-text fusion-title-size-one\" style=\"--awb-margin-top-small:0px;--awb-margin-right-small:0px;--awb-margin-bottom-small:20px;--awb-margin-left-small:0px;\"><h1 class=\"fusion-title-heading title-heading-center\" style=\"margin:0;\">Nos engagements<\/h1><\/div><\/div><\/div><\/div><\/div><div class=\"fusion-fullwidth fullwidth-box fusion-builder-row-2 fusion-flex-container nonhundred-percent-fullwidth non-hundred-percent-height-scrolling ctnr-img-gauche\" style=\"--awb-border-radius-top-left:0px;--awb-border-radius-top-right:0px;--awb-border-radius-bottom-right:0px;--awb-border-radius-bottom-left:0px;--awb-flex-wrap:wrap;\" ><div class=\"fusion-builder-row fusion-row fusion-flex-align-items-center fusion-flex-content-wrap\" style=\"max-width:1277.12px;margin-left: calc(-4% \/ 2 );margin-right: calc(-4% \/ 2 );\"><div class=\"fusion-layout-column fusion_builder_column fusion-builder-column-1 fusion_builder_column_2_5 2_5 fusion-flex-column\" style=\"--awb-bg-size:cover;--awb-width-large:40%;--awb-margin-top-large:0px;--awb-spacing-right-large:4.8%;--awb-margin-bottom-large:0px;--awb-spacing-left-large:4.8%;--awb-width-medium:100%;--awb-order-medium:0;--awb-spacing-right-medium:1.92%;--awb-spacing-left-medium:1.92%;--awb-width-small:100%;--awb-order-small:0;--awb-spacing-right-small:1.92%;--awb-spacing-left-small:1.92%;\"><div class=\"fusion-column-wrapper fusion-column-has-shadow fusion-flex-justify-content-flex-start fusion-content-layout-column\"><div class=\"fusion-image-element \" style=\"text-align:center;--awb-caption-title-font-family:var(--h2_typography-font-family);--awb-caption-title-font-weight:var(--h2_typography-font-weight);--awb-caption-title-font-style:var(--h2_typography-font-style);--awb-caption-title-size:var(--h2_typography-font-size);--awb-caption-title-transform:var(--h2_typography-text-transform);--awb-caption-title-line-height:var(--h2_typography-line-height);--awb-caption-title-letter-spacing:var(--h2_typography-letter-spacing);\"><span class=\" fusion-imageframe imageframe-none imageframe-2 hover-type-none\"><img decoding=\"async\" width=\"545\" height=\"545\" src=\"https:\/\/fourdata.io\/wp-content\/uploads\/2022\/07\/ideal-local.png\" alt class=\"img-responsive wp-image-7831\" srcset=\"https:\/\/fourdata.io\/wp-content\/uploads\/2022\/07\/ideal-local-200x200.png 200w, https:\/\/fourdata.io\/wp-content\/uploads\/2022\/07\/ideal-local-400x400.png 400w, https:\/\/fourdata.io\/wp-content\/uploads\/2022\/07\/ideal-local.png 545w\" sizes=\"(max-width: 800px) 100vw, (max-width: 640px) 100vw, 545px\" \/><\/span><\/div><div class=\"fusion-image-element \" style=\"--awb-caption-title-font-family:var(--h2_typography-font-family);--awb-caption-title-font-weight:var(--h2_typography-font-weight);--awb-caption-title-font-style:var(--h2_typography-font-style);--awb-caption-title-size:var(--h2_typography-font-size);--awb-caption-title-transform:var(--h2_typography-text-transform);--awb-caption-title-line-height:var(--h2_typography-line-height);--awb-caption-title-letter-spacing:var(--h2_typography-letter-spacing);\"><span class=\" fusion-imageframe imageframe-none imageframe-3 hover-type-none ornement bottom-left\"><img decoding=\"async\" width=\"900\" height=\"770\" src=\"https:\/\/fourdata.io\/wp-content\/uploads\/2022\/06\/rectangle-point-bleu-espace-fin.svg\" alt class=\"img-responsive wp-image-7710\"\/><\/span><\/div><\/div><\/div><div class=\"fusion-layout-column fusion_builder_column fusion-builder-column-2 fusion_builder_column_3_5 3_5 fusion-flex-column\" style=\"--awb-bg-size:cover;--awb-width-large:60%;--awb-margin-top-large:0px;--awb-spacing-right-large:3.2%;--awb-margin-bottom-large:0px;--awb-spacing-left-large:3.2%;--awb-width-medium:100%;--awb-order-medium:0;--awb-spacing-right-medium:1.92%;--awb-spacing-left-medium:1.92%;--awb-width-small:100%;--awb-order-small:0;--awb-spacing-right-small:1.92%;--awb-spacing-left-small:1.92%;\"><div class=\"fusion-column-wrapper fusion-column-has-shadow fusion-flex-justify-content-flex-start fusion-content-layout-column\"><div class=\"fusion-title title fusion-title-2 fusion-sep-none fusion-title-center fusion-title-text fusion-title-size-two\" style=\"--awb-margin-top-small:0px;--awb-margin-right-small:0px;--awb-margin-bottom-small:20px;--awb-margin-left-small:0px;\"><h2 class=\"fusion-title-heading title-heading-center\" style=\"margin:0;\">FourData mange local !<\/h2><\/div><div class=\"fusion-text fusion-text-1\" style=\"--awb-text-transform:none;\"><p>Four Data offre \u00e0 ses employ\u00e9s la possibilit\u00e9 de manger localement par le biais d&rsquo;<a href=\"https:\/\/ideeallocal.fr\/\"> id\u00e9al local<\/a>!<\/p>\n<p class=\"sc-ehIJor eZpnKY pf-12_\" data-pf-type=\"Paragraph\"><em><span class=\"sc-BHvUt fJlZte pf-14_\" data-pf-type=\"Text\">CONSOMMER DIFF\u00c9REMMENT, DIRECTEMENT AUPR\u00c8S DES PRODUCTEURS :<\/span><\/em><\/p>\n<ul class=\"sc-gHjyzD dQAIat pf-15_\" data-pf-type=\"List\">\n<li class=\"sc-itWPBs dKPonY pf-16_\" data-pf-type=\"List.Item\">Le meilleur de la terre &#8211; aussi proche que possible<\/li>\n<li class=\"sc-itWPBs dKPonY pf-16_\" data-pf-type=\"List.Item\">En saison<\/li>\n<li class=\"sc-itWPBs dKPonY pf-16_\" data-pf-type=\"List.Item\">Au meilleur prix<\/li>\n<\/ul>\n<p>Le concept de l&rsquo;id\u00e9al local en 4 points :<\/p>\n<p class=\"sc-jUosCB gcYDfN pf-126_\" data-pf-type=\"Heading\"><strong><br \/>\n  <span class=\"sc-gyElHZ fxaypC pf-128_\" data-pf-type=\"Text\">COH\u00c9RENCE :<\/span><br \/>\n<\/strong><span class=\"sc-gyElHZ fxaypC pf-128_\" data-pf-type=\"Text\">Sur le fond ou sur la forme, le souci de coh\u00e9rence avec notre environnement est au c\u0153ur de notre d\u00e9marche&#8230;<\/span><span class=\"sc-gyElHZ fxaypC pf-128_\" data-pf-type=\"Text\">. <\/span> <\/p>\n<p class=\"sc-jUosCB gcYDfN pf-137_\" data-pf-type=\"Heading\"><strong><span class=\"sc-gyElHZ fxaypC pf-139_\" data-pf-type=\"Text\">PATRIOTISME :  <\/span><\/strong><span class=\"sc-gyElHZ fxaypC pf-139_\" data-pf-type=\"Text\">Le local est aussi le national ! Promouvons les produits de nos r\u00e9gions exceptionnelles, partageons-les et diffusons-les entre nos belles r\u00e9gions.<\/span><span class=\"sc-gyElHZ fxaypC pf-139_\" data-pf-type=\"Text\">.<\/span><\/p>\n<p class=\"sc-jUosCB gcYDfN pf-148_\" data-pf-type=\"Heading\"><span class=\"sc-gyElHZ fxaypC pf-150_\" data-pf-type=\"Text\"><strong>ECO-RESPONSABILITE :<\/strong> Consommons en saison et surtout raisonnablement. L&rsquo;air de l&rsquo;abondance relative s&rsquo;\u00e9teint pour laisser place \u00e0 une diversit\u00e9 vertueuse et durable.<\/span><\/p>\n<p class=\"sc-jUosCB gcYDfN pf-159_\" data-pf-type=\"Heading\"><strong><span class=\"sc-gyElHZ fxaypC pf-161_\" data-pf-type=\"Text\">ENTHOUSIASME : <\/span><\/strong><span class=\"sc-gyElHZ fxaypC pf-161_\" data-pf-type=\"Text\">Produire, vendre, distribuer, travailler, consommer, partager, cuisiner, offrir&#8230; dans la joie et la bonne humeur, c&rsquo;est notre moteur.<\/span><span class=\"sc-gyElHZ fxaypC pf-161_\" data-pf-type=\"Text\">.<\/span><\/p>\n<\/div><\/div><\/div><\/div><\/div><div class=\"fusion-fullwidth fullwidth-box fusion-builder-row-3 fusion-flex-container nonhundred-percent-fullwidth non-hundred-percent-height-scrolling\" style=\"--awb-border-radius-top-left:0px;--awb-border-radius-top-right:0px;--awb-border-radius-bottom-right:0px;--awb-border-radius-bottom-left:0px;--awb-flex-wrap:wrap;\" ><div class=\"fusion-builder-row fusion-row fusion-flex-align-items-flex-start fusion-flex-content-wrap\" style=\"max-width:1277.12px;margin-left: calc(-4% \/ 2 );margin-right: calc(-4% \/ 2 );\"><div class=\"fusion-layout-column fusion_builder_column fusion-builder-column-3 fusion_builder_column_3_5 3_5 fusion-flex-column\" style=\"--awb-bg-size:cover;--awb-width-large:60%;--awb-margin-top-large:0px;--awb-spacing-right-large:3.2%;--awb-margin-bottom-large:0px;--awb-spacing-left-large:3.2%;--awb-width-medium:100%;--awb-order-medium:2;--awb-spacing-right-medium:1.92%;--awb-spacing-left-medium:1.92%;--awb-width-small:100%;--awb-order-small:2;--awb-spacing-right-small:1.92%;--awb-spacing-left-small:1.92%;\"><div class=\"fusion-column-wrapper fusion-column-has-shadow fusion-flex-justify-content-flex-start fusion-content-layout-column\"><div class=\"fusion-title title fusion-title-3 fusion-sep-none fusion-title-center fusion-title-text fusion-title-size-two\" style=\"--awb-margin-top-small:0px;--awb-margin-right-small:0px;--awb-margin-bottom-small:20px;--awb-margin-left-small:0px;\"><h2 class=\"fusion-title-heading title-heading-center\" style=\"margin:0;\">Une d\u00e9marche RSE avec des ruches connect\u00e9es !<\/h2><\/div><div class=\"fusion-text fusion-text-2\" style=\"--awb-text-transform:none;\"><p><strong>INSTALLER DES RUCHES DANS LES ENTREPRISES : UN PROJET DURABLE QUI PLA\u00ceT \u00c0 TOUS.<\/strong><\/p>\n<\/div><div class=\"fusion-text fusion-text-3\" style=\"--awb-text-transform:none;\"><p><strong>Sensibilisez et engagez<\/strong> vos employ\u00e9s en leur faisant d\u00e9couvrir le monde des abeilles. Un moyen efficace de d\u00e9velopper la coh\u00e9sion de l&rsquo;\u00e9quipe et de cr\u00e9er un lien direct.<\/p>\n<p><strong>Valorisez<\/strong> l&rsquo;image de <strong>votre entreprise<\/strong> en offrant \u00e0 vos clients un cadeau RSE utile ! Votre r\u00e9colte est conditionn\u00e9e dans des bocaux \u00e0 vos couleurs et \u00e0 votre logo.Votre contenu va ici<\/p>\n<\/div><div class=\"fusion-text fusion-text-4\" style=\"--awb-text-transform:none;\"><p style=\"text-align: center;\"><strong>LE CONCEPT : BEE2BEEP<\/strong><\/p>\n<\/div><div class=\"fusion-text fusion-text-5\" style=\"--awb-text-transform:none;\"><p><strong>Mise en relation d&rsquo;apiculteurs locaux avec des entreprises engag\u00e9es dans<\/strong> une d\u00e9marche environnementale afin de cr\u00e9er un rucher d&rsquo;entreprise dans le but de sensibiliser au monde des abeilles et \u00e0 la biodiversit\u00e9.<\/p>\n<\/div><div style=\"text-align:center;\"><a class=\"fusion-button button-flat fusion-button-default-size button-default fusion-button-default button-1 fusion-button-default-span fusion-button-default-type\" target=\"_blank\" rel=\"noopener noreferrer\" href=\"https:\/\/fourdata.io\/wp-content\/uploads\/2022\/07\/Flyer-RSE-Bee2beep.pdf\"><span class=\"fusion-button-text awb-button__text awb-button__text--default\">Bee2Beep \/\/ T\u00e9l\u00e9charger la documentation du CSR<\/span><\/a><\/div><\/div><\/div><div class=\"fusion-layout-column fusion_builder_column fusion-builder-column-4 fusion_builder_column_2_5 2_5 fusion-flex-column\" style=\"--awb-bg-size:cover;--awb-width-large:40%;--awb-margin-top-large:0px;--awb-spacing-right-large:4.8%;--awb-margin-bottom-large:0px;--awb-spacing-left-large:4.8%;--awb-width-medium:100%;--awb-order-medium:2;--awb-spacing-right-medium:1.92%;--awb-spacing-left-medium:1.92%;--awb-width-small:100%;--awb-order-small:1;--awb-spacing-right-small:1.92%;--awb-spacing-left-small:1.92%;\"><div class=\"fusion-column-wrapper fusion-column-has-shadow fusion-flex-justify-content-flex-start fusion-content-layout-column\"><div class=\"fusion-image-element \" style=\"--awb-caption-title-font-family:var(--h2_typography-font-family);--awb-caption-title-font-weight:var(--h2_typography-font-weight);--awb-caption-title-font-style:var(--h2_typography-font-style);--awb-caption-title-size:var(--h2_typography-font-size);--awb-caption-title-transform:var(--h2_typography-text-transform);--awb-caption-title-line-height:var(--h2_typography-line-height);--awb-caption-title-letter-spacing:var(--h2_typography-letter-spacing);\"><span class=\" fusion-imageframe imageframe-none imageframe-4 hover-type-none\"><img decoding=\"async\" width=\"545\" height=\"545\" src=\"https:\/\/fourdata.io\/wp-content\/uploads\/2022\/07\/ruche-RSE.png\" alt class=\"img-responsive wp-image-7832\" srcset=\"https:\/\/fourdata.io\/wp-content\/uploads\/2022\/07\/ruche-RSE-200x200.png 200w, https:\/\/fourdata.io\/wp-content\/uploads\/2022\/07\/ruche-RSE-400x400.png 400w, https:\/\/fourdata.io\/wp-content\/uploads\/2022\/07\/ruche-RSE.png 545w\" sizes=\"(max-width: 800px) 100vw, (max-width: 640px) 100vw, 545px\" \/><\/span><\/div><div class=\"fusion-image-element \" style=\"--awb-caption-title-font-family:var(--h2_typography-font-family);--awb-caption-title-font-weight:var(--h2_typography-font-weight);--awb-caption-title-font-style:var(--h2_typography-font-style);--awb-caption-title-size:var(--h2_typography-font-size);--awb-caption-title-transform:var(--h2_typography-text-transform);--awb-caption-title-line-height:var(--h2_typography-line-height);--awb-caption-title-letter-spacing:var(--h2_typography-letter-spacing);\"><span class=\" fusion-imageframe imageframe-none imageframe-5 hover-type-none ornement bottom-right\"><img decoding=\"async\" width=\"811\" height=\"542\" src=\"https:\/\/fourdata.io\/wp-content\/uploads\/2022\/05\/ornement-etoile.svg\" alt class=\"img-responsive wp-image-7664\"\/><\/span><\/div><\/div><\/div><\/div><\/div><div class=\"fusion-fullwidth fullwidth-box fusion-builder-row-4 fusion-flex-container nonhundred-percent-fullwidth non-hundred-percent-height-scrolling\" style=\"--awb-border-radius-top-left:0px;--awb-border-radius-top-right:0px;--awb-border-radius-bottom-right:0px;--awb-border-radius-bottom-left:0px;--awb-flex-wrap:wrap;\" ><div class=\"fusion-builder-row fusion-row fusion-flex-align-items-flex-start fusion-flex-content-wrap\" style=\"max-width:1277.12px;margin-left: calc(-4% \/ 2 );margin-right: calc(-4% \/ 2 );\"><\/div><\/div><\/p>\n","protected":false},"excerpt":{"rendered":"","protected":false},"author":4,"featured_media":0,"parent":0,"menu_order":0,"comment_status":"closed","ping_status":"closed","template":"100-width.php","meta":{"footnotes":""},"class_list":["post-8464","page","type-page","status-publish","hentry"],"_links":{"self":[{"href":"https:\/\/fourdata.io\/fr\/wp-json\/wp\/v2\/pages\/8464","targetHints":{"allow":["GET"]}}],"collection":[{"href":"https:\/\/fourdata.io\/fr\/wp-json\/wp\/v2\/pages"}],"about":[{"href":"https:\/\/fourdata.io\/fr\/wp-json\/wp\/v2\/types\/page"}],"author":[{"embeddable":true,"href":"https:\/\/fourdata.io\/fr\/wp-json\/wp\/v2\/users\/4"}],"replies":[{"embeddable":true,"href":"https:\/\/fourdata.io\/fr\/wp-json\/wp\/v2\/comments?post=8464"}],"version-history":[{"count":5,"href":"https:\/\/fourdata.io\/fr\/wp-json\/wp\/v2\/pages\/8464\/revisions"}],"predecessor-version":[{"id":9758,"href":"https:\/\/fourdata.io\/fr\/wp-json\/wp\/v2\/pages\/8464\/revisions\/9758"}],"wp:attachment":[{"href":"https:\/\/fourdata.io\/fr\/wp-json\/wp\/v2\/media?parent=8464"}],"curies":[{"name":"wp","href":"https:\/\/api.w.org\/{rel}","templated":true}]}}